{"id":2254,"date":"2024-03-24T12:56:58","date_gmt":"2024-03-24T12:56:58","guid":{"rendered":"https:\/\/runiyurtdisiegitim.com.tr\/?page_id=2254"},"modified":"2024-05-22T14:27:33","modified_gmt":"2024-05-22T14:27:33","slug":"kanada-yaz-okulu","status":"publish","type":"page","link":"https:\/\/runiyurtdisiegitim.com.tr\/index.php\/kanada-yaz-okulu\/","title":{"rendered":"KANADA YAZ OKULU"},"content":{"rendered":"\t\t<div data-elementor-type=\"wp-page\" data-elementor-id=\"2254\" class=\"elementor elementor-2254\">\n\t\t\t\t<div class=\"elementor-element elementor-element-5f82967 e-flex e-con-boxed e-con e-parent\" data-id=\"5f82967\" data-element_type=\"container\">\n\t\t\t\t\t<div class=\"e-con-inner\">\n\t\t\t\t\t<\/div>\n\t\t\t\t<\/div>\n\t\t<div class=\"elementor-element elementor-element-15f2515 e-flex e-con-boxed e-con e-parent\" data-id=\"15f2515\" data-element_type=\"container\">\n\t\t\t\t\t<div class=\"e-con-inner\">\n\t\t\t\t<div class=\"elementor-element elementor-element-6635673 elementor-widget elementor-widget-heading\" data-id=\"6635673\" data-element_type=\"widget\" data-widget_type=\"heading.default\">\n\t\t\t\t<div class=\"elementor-widget-container\">\n\t\t\t<style>\/*! elementor - v3.21.0 - 20-05-2024 *\/\n.elementor-heading-title{padding:0;margin:0;line-height:1}.elementor-widget-heading .elementor-heading-title[class*=elementor-size-]>a{color:inherit;font-size:inherit;line-height:inherit}.elementor-widget-heading .elementor-heading-title.elementor-size-small{font-size:15px}.elementor-widget-heading .elementor-heading-title.elementor-size-medium{font-size:19px}.elementor-widget-heading .elementor-heading-title.elementor-size-large{font-size:29px}.elementor-widget-heading .elementor-heading-title.elementor-size-xl{font-size:39px}.elementor-widget-heading .elementor-heading-title.elementor-size-xxl{font-size:59px}<\/style><h2 class=\"elementor-heading-title elementor-size-default\">KANADA'DA YAZ OKULU\n<\/h2>\t\t<\/div>\n\t\t\t\t<\/div>\n\t\t\t\t<div class=\"elementor-element elementor-element-e41f5aa elementor-widget elementor-widget-text-editor\" data-id=\"e41f5aa\" data-element_type=\"widget\" data-widget_type=\"text-editor.default\">\n\t\t\t\t<div class=\"elementor-widget-container\">\n\t\t\t<style>\/*! elementor - v3.21.0 - 20-05-2024 *\/\n.elementor-widget-text-editor.elementor-drop-cap-view-stacked .elementor-drop-cap{background-color:#69727d;color:#fff}.elementor-widget-text-editor.elementor-drop-cap-view-framed .elementor-drop-cap{color:#69727d;border:3px solid;background-color:transparent}.elementor-widget-text-editor:not(.elementor-drop-cap-view-default) .elementor-drop-cap{margin-top:8px}.elementor-widget-text-editor:not(.elementor-drop-cap-view-default) .elementor-drop-cap-letter{width:1em;height:1em}.elementor-widget-text-editor .elementor-drop-cap{float:left;text-align:center;line-height:1;font-size:50px}.elementor-widget-text-editor .elementor-drop-cap-letter{display:inline-block}<\/style>\t\t\t\t<div class=\"row\"><div class=\"col-md-9\"><div class=\"col-md-14\"><blockquote class=\"gray bg-theme-colored text-justify\"><p>Detayl\u0131 Bilgi \u0130\u00e7in L\u00fctfen Bize Ula\u015f\u0131n.<\/p><\/blockquote><\/div><\/div><\/div><div class=\"container\"><div class=\"row\"><div class=\"col-md-8\"><div id=\"accordion1\" class=\"panel-group accordion\"><div class=\"panel\"><div class=\"panel-title\">\u00a0<\/div><\/div><\/div><\/div><\/div><\/div>\t\t\t\t\t\t<\/div>\n\t\t\t\t<\/div>\n\t\t\t\t<div class=\"elementor-element elementor-element-bee94ed elementor-widget elementor-widget-heading\" data-id=\"bee94ed\" data-element_type=\"widget\" data-widget_type=\"heading.default\">\n\t\t\t\t<div class=\"elementor-widget-container\">\n\t\t\t<h5 class=\"elementor-heading-title elementor-size-default\">\n<\/h5>\t\t<\/div>\n\t\t\t\t<\/div>\n\t\t\t\t<div class=\"elementor-element elementor-element-157059a elementor-widget elementor-widget-accordion\" data-id=\"157059a\" data-element_type=\"widget\" data-widget_type=\"accordion.default\">\n\t\t\t\t<div class=\"elementor-widget-container\">\n\t\t\t<style>\/*! elementor - v3.21.0 - 20-05-2024 *\/\n.elementor-accordion{text-align:start}.elementor-accordion .elementor-accordion-item{border:1px solid #d5d8dc}.elementor-accordion .elementor-accordion-item+.elementor-accordion-item{border-top:none}.elementor-accordion .elementor-tab-title{margin:0;padding:15px 20px;font-weight:700;line-height:1;cursor:pointer;outline:none}.elementor-accordion .elementor-tab-title .elementor-accordion-icon{display:inline-block;width:1.5em}.elementor-accordion .elementor-tab-title .elementor-accordion-icon svg{width:1em;height:1em}.elementor-accordion .elementor-tab-title .elementor-accordion-icon.elementor-accordion-icon-right{float:right;text-align:right}.elementor-accordion .elementor-tab-title .elementor-accordion-icon.elementor-accordion-icon-left{float:left;text-align:left}.elementor-accordion .elementor-tab-title .elementor-accordion-icon .elementor-accordion-icon-closed{display:block}.elementor-accordion .elementor-tab-title .elementor-accordion-icon .elementor-accordion-icon-opened,.elementor-accordion .elementor-tab-title.elementor-active .elementor-accordion-icon-closed{display:none}.elementor-accordion .elementor-tab-title.elementor-active .elementor-accordion-icon-opened{display:block}.elementor-accordion .elementor-tab-content{display:none;padding:15px 20px;border-top:1px solid #d5d8dc}@media (max-width:767px){.elementor-accordion .elementor-tab-title{padding:12px 15px}.elementor-accordion .elementor-tab-title .elementor-accordion-icon{width:1.2em}.elementor-accordion .elementor-tab-content{padding:7px 15px}}.e-con-inner>.elementor-widget-accordion,.e-con>.elementor-widget-accordion{width:var(--container-widget-width);--flex-grow:var(--container-widget-flex-grow)}<\/style>\t\t<div class=\"elementor-accordion\">\n\t\t\t\t\t\t\t<div class=\"elementor-accordion-item\">\n\t\t\t\t\t<div id=\"elementor-tab-title-2241\" class=\"elementor-tab-title\" data-tab=\"1\" role=\"button\" aria-controls=\"elementor-tab-content-2241\" aria-expanded=\"false\">\n\t\t\t\t\t\t\t\t\t\t\t\t\t<span class=\"elementor-accordion-icon elementor-accordion-icon-left\" aria-hidden=\"true\">\n\t\t\t\t\t\t\t\t\t\t\t\t\t\t\t<span class=\"elementor-accordion-icon-closed\"><svg class=\"e-font-icon-svg e-fas-plus\" viewBox=\"0 0 448 512\" xmlns=\"http:\/\/www.w3.org\/2000\/svg\"><path d=\"M416 208H272V64c0-17.67-14.33-32-32-32h-32c-17.67 0-32 14.33-32 32v144H32c-17.67 0-32 14.33-32 32v32c0 17.67 14.33 32 32 32h144v144c0 17.67 14.33 32 32 32h32c17.67 0 32-14.33 32-32V304h144c17.67 0 32-14.33 32-32v-32c0-17.67-14.33-32-32-32z\"><\/path><\/svg><\/span>\n\t\t\t\t\t\t\t\t<span class=\"elementor-accordion-icon-opened\"><svg class=\"e-font-icon-svg e-fas-minus\" viewBox=\"0 0 448 512\" xmlns=\"http:\/\/www.w3.org\/2000\/svg\"><path d=\"M416 208H32c-17.67 0-32 14.33-32 32v32c0 17.67 14.33 32 32 32h384c17.67 0 32-14.33 32-32v-32c0-17.67-14.33-32-32-32z\"><\/path><\/svg><\/span>\n\t\t\t\t\t\t\t\t\t\t\t\t\t\t<\/span>\n\t\t\t\t\t\t\t\t\t\t\t\t<a class=\"elementor-accordion-title\" tabindex=\"0\">Program Detay<\/a>\n\t\t\t\t\t<\/div>\n\t\t\t\t\t<div id=\"elementor-tab-content-2241\" class=\"elementor-tab-content elementor-clearfix\" data-tab=\"1\" role=\"region\" aria-labelledby=\"elementor-tab-title-2241\"><ul class=\"list check\">\n<li style=\"list-style-type: none;\">\n<ul class=\"list check\">\n<li><br><\/li><\/ul><\/li><\/ul><\/div>\n\t\t\t\t<\/div>\n\t\t\t\t\t\t\t<div class=\"elementor-accordion-item\">\n\t\t\t\t\t<div id=\"elementor-tab-title-2242\" class=\"elementor-tab-title\" data-tab=\"2\" role=\"button\" aria-controls=\"elementor-tab-content-2242\" aria-expanded=\"false\">\n\t\t\t\t\t\t\t\t\t\t\t\t\t<span class=\"elementor-accordion-icon elementor-accordion-icon-left\" aria-hidden=\"true\">\n\t\t\t\t\t\t\t\t\t\t\t\t\t\t\t<span class=\"elementor-accordion-icon-closed\"><svg class=\"e-font-icon-svg e-fas-plus\" viewBox=\"0 0 448 512\" xmlns=\"http:\/\/www.w3.org\/2000\/svg\"><path d=\"M416 208H272V64c0-17.67-14.33-32-32-32h-32c-17.67 0-32 14.33-32 32v144H32c-17.67 0-32 14.33-32 32v32c0 17.67 14.33 32 32 32h144v144c0 17.67 14.33 32 32 32h32c17.67 0 32-14.33 32-32V304h144c17.67 0 32-14.33 32-32v-32c0-17.67-14.33-32-32-32z\"><\/path><\/svg><\/span>\n\t\t\t\t\t\t\t\t<span class=\"elementor-accordion-icon-opened\"><svg class=\"e-font-icon-svg e-fas-minus\" viewBox=\"0 0 448 512\" xmlns=\"http:\/\/www.w3.org\/2000\/svg\"><path d=\"M416 208H32c-17.67 0-32 14.33-32 32v32c0 17.67 14.33 32 32 32h384c17.67 0 32-14.33 32-32v-32c0-17.67-14.33-32-32-32z\"><\/path><\/svg><\/span>\n\t\t\t\t\t\t\t\t\t\t\t\t\t\t<\/span>\n\t\t\t\t\t\t\t\t\t\t\t\t<a class=\"elementor-accordion-title\" tabindex=\"0\">Konaklama Detaylar\u0131<\/a>\n\t\t\t\t\t<\/div>\n\t\t\t\t\t<div id=\"elementor-tab-content-2242\" class=\"elementor-tab-content elementor-clearfix\" data-tab=\"2\" role=\"region\" aria-labelledby=\"elementor-tab-title-2242\"><\/div>\n\t\t\t\t<\/div>\n\t\t\t\t\t\t\t<div class=\"elementor-accordion-item\">\n\t\t\t\t\t<div id=\"elementor-tab-title-2243\" class=\"elementor-tab-title\" data-tab=\"3\" role=\"button\" aria-controls=\"elementor-tab-content-2243\" aria-expanded=\"false\">\n\t\t\t\t\t\t\t\t\t\t\t\t\t<span class=\"elementor-accordion-icon elementor-accordion-icon-left\" aria-hidden=\"true\">\n\t\t\t\t\t\t\t\t\t\t\t\t\t\t\t<span class=\"elementor-accordion-icon-closed\"><svg class=\"e-font-icon-svg e-fas-plus\" viewBox=\"0 0 448 512\" xmlns=\"http:\/\/www.w3.org\/2000\/svg\"><path d=\"M416 208H272V64c0-17.67-14.33-32-32-32h-32c-17.67 0-32 14.33-32 32v144H32c-17.67 0-32 14.33-32 32v32c0 17.67 14.33 32 32 32h144v144c0 17.67 14.33 32 32 32h32c17.67 0 32-14.33 32-32V304h144c17.67 0 32-14.33 32-32v-32c0-17.67-14.33-32-32-32z\"><\/path><\/svg><\/span>\n\t\t\t\t\t\t\t\t<span class=\"elementor-accordion-icon-opened\"><svg class=\"e-font-icon-svg e-fas-minus\" viewBox=\"0 0 448 512\" xmlns=\"http:\/\/www.w3.org\/2000\/svg\"><path d=\"M416 208H32c-17.67 0-32 14.33-32 32v32c0 17.67 14.33 32 32 32h384c17.67 0 32-14.33 32-32v-32c0-17.67-14.33-32-32-32z\"><\/path><\/svg><\/span>\n\t\t\t\t\t\t\t\t\t\t\t\t\t\t<\/span>\n\t\t\t\t\t\t\t\t\t\t\t\t<a class=\"elementor-accordion-title\" tabindex=\"0\">Kurs Fiyatlar\u0131<\/a>\n\t\t\t\t\t<\/div>\n\t\t\t\t\t<div id=\"elementor-tab-content-2243\" class=\"elementor-tab-content elementor-clearfix\" data-tab=\"3\" role=\"region\" aria-labelledby=\"elementor-tab-title-2243\"><\/div>\n\t\t\t\t<\/div>\n\t\t\t\t\t\t\t<div class=\"elementor-accordion-item\">\n\t\t\t\t\t<div id=\"elementor-tab-title-2244\" class=\"elementor-tab-title\" data-tab=\"4\" role=\"button\" aria-controls=\"elementor-tab-content-2244\" aria-expanded=\"false\">\n\t\t\t\t\t\t\t\t\t\t\t\t\t<span class=\"elementor-accordion-icon elementor-accordion-icon-left\" aria-hidden=\"true\">\n\t\t\t\t\t\t\t\t\t\t\t\t\t\t\t<span class=\"elementor-accordion-icon-closed\"><svg class=\"e-font-icon-svg e-fas-plus\" viewBox=\"0 0 448 512\" xmlns=\"http:\/\/www.w3.org\/2000\/svg\"><path d=\"M416 208H272V64c0-17.67-14.33-32-32-32h-32c-17.67 0-32 14.33-32 32v144H32c-17.67 0-32 14.33-32 32v32c0 17.67 14.33 32 32 32h144v144c0 17.67 14.33 32 32 32h32c17.67 0 32-14.33 32-32V304h144c17.67 0 32-14.33 32-32v-32c0-17.67-14.33-32-32-32z\"><\/path><\/svg><\/span>\n\t\t\t\t\t\t\t\t<span class=\"elementor-accordion-icon-opened\"><svg class=\"e-font-icon-svg e-fas-minus\" viewBox=\"0 0 448 512\" xmlns=\"http:\/\/www.w3.org\/2000\/svg\"><path d=\"M416 208H32c-17.67 0-32 14.33-32 32v32c0 17.67 14.33 32 32 32h384c17.67 0 32-14.33 32-32v-32c0-17.67-14.33-32-32-32z\"><\/path><\/svg><\/span>\n\t\t\t\t\t\t\t\t\t\t\t\t\t\t<\/span>\n\t\t\t\t\t\t\t\t\t\t\t\t<a class=\"elementor-accordion-title\" tabindex=\"0\">Kabul Ko\u015fullar\u0131<\/a>\n\t\t\t\t\t<\/div>\n\t\t\t\t\t<div id=\"elementor-tab-content-2244\" class=\"elementor-tab-content elementor-clearfix\" data-tab=\"4\" role=\"region\" aria-labelledby=\"elementor-tab-title-2244\"><\/div>\n\t\t\t\t<\/div>\n\t\t\t\t\t\t\t\t<\/div>\n\t\t\t\t<\/div>\n\t\t\t\t<\/div>\n\t\t\t\t\t<\/div>\n\t\t\t\t<\/div>\n\t\t\t\t<\/div>\n\t\t","protected":false},"excerpt":{"rendered":"<p>KANADA&#8217;DA YAZ OKULU Detayl\u0131 Bilgi \u0130\u00e7in L\u00fctfen Bize Ula\u015f\u0131n. \u00a0 Program Detay Konaklama Detaylar\u0131 Kurs Fiyatlar\u0131 Kabul Ko\u015fullar\u0131<\/p>\n","protected":false},"author":1,"featured_media":0,"parent":0,"menu_order":0,"comment_status":"closed","ping_status":"closed","template":"tpl-default-elementor.php","meta":{"footnotes":""},"class_list":["post-2254","page","type-page","status-publish","hentry"],"yoast_head":"<!-- This site is optimized with the Yoast SEO plugin v22.7 - https:\/\/yoast.com\/wordpress\/plugins\/seo\/ -->\n<title>KANADA YAZ OKULU - Runi Yurtd\u0131\u015f\u0131 E\u011fitim<\/title>\n<meta name=\"robots\" content=\"index, follow, max-snippet:-1, max-image-preview:large, max-video-preview:-1\" \/>\n<link rel=\"canonical\" href=\"https:\/\/runiyurtdisiegitim.com.tr\/index.php\/kanada-yaz-okulu\/\" \/>\n<meta property=\"og:locale\" content=\"tr_TR\" \/>\n<meta property=\"og:type\" content=\"article\" \/>\n<meta property=\"og:title\" content=\"KANADA YAZ OKULU - Runi Yurtd\u0131\u015f\u0131 E\u011fitim\" \/>\n<meta property=\"og:description\" content=\"KANADA&#8217;DA YAZ OKULU Detayl\u0131 Bilgi \u0130\u00e7in L\u00fctfen Bize Ula\u015f\u0131n. \u00a0 Program Detay Konaklama Detaylar\u0131 Kurs Fiyatlar\u0131 Kabul Ko\u015fullar\u0131\" \/>\n<meta property=\"og:url\" content=\"https:\/\/runiyurtdisiegitim.com.tr\/index.php\/kanada-yaz-okulu\/\" \/>\n<meta property=\"og:site_name\" content=\"Runi Yurtd\u0131\u015f\u0131 E\u011fitim\" \/>\n<meta property=\"article:modified_time\" content=\"2024-05-22T14:27:33+00:00\" \/>\n<meta name=\"twitter:card\" content=\"summary_large_image\" \/>\n<meta name=\"twitter:label1\" content=\"Tahmini okuma s\u00fcresi\" \/>\n\t<meta name=\"twitter:data1\" content=\"1 dakika\" \/>\n<script type=\"application\/ld+json\" class=\"yoast-schema-graph\">{\"@context\":\"https:\/\/schema.org\",\"@graph\":[{\"@type\":\"WebPage\",\"@id\":\"https:\/\/runiyurtdisiegitim.com.tr\/index.php\/kanada-yaz-okulu\/\",\"url\":\"https:\/\/runiyurtdisiegitim.com.tr\/index.php\/kanada-yaz-okulu\/\",\"name\":\"KANADA YAZ OKULU - Runi Yurtd\u0131\u015f\u0131 E\u011fitim\",\"isPartOf\":{\"@id\":\"https:\/\/runiyurtdisiegitim.com.tr\/#website\"},\"datePublished\":\"2024-03-24T12:56:58+00:00\",\"dateModified\":\"2024-05-22T14:27:33+00:00\",\"breadcrumb\":{\"@id\":\"https:\/\/runiyurtdisiegitim.com.tr\/index.php\/kanada-yaz-okulu\/#breadcrumb\"},\"inLanguage\":\"tr\",\"potentialAction\":[{\"@type\":\"ReadAction\",\"target\":[\"https:\/\/runiyurtdisiegitim.com.tr\/index.php\/kanada-yaz-okulu\/\"]}]},{\"@type\":\"BreadcrumbList\",\"@id\":\"https:\/\/runiyurtdisiegitim.com.tr\/index.php\/kanada-yaz-okulu\/#breadcrumb\",\"itemListElement\":[{\"@type\":\"ListItem\",\"position\":1,\"name\":\"Anasayfa\",\"item\":\"https:\/\/runiyurtdisiegitim.com.tr\/\"},{\"@type\":\"ListItem\",\"position\":2,\"name\":\"KANADA YAZ OKULU\"}]},{\"@type\":\"WebSite\",\"@id\":\"https:\/\/runiyurtdisiegitim.com.tr\/#website\",\"url\":\"https:\/\/runiyurtdisiegitim.com.tr\/\",\"name\":\"Runi Yurtd\u0131\u015f\u0131 E\u011fitim\",\"description\":\"\",\"publisher\":{\"@id\":\"https:\/\/runiyurtdisiegitim.com.tr\/#organization\"},\"potentialAction\":[{\"@type\":\"SearchAction\",\"target\":{\"@type\":\"EntryPoint\",\"urlTemplate\":\"https:\/\/runiyurtdisiegitim.com.tr\/?s={search_term_string}\"},\"query-input\":\"required name=search_term_string\"}],\"inLanguage\":\"tr\"},{\"@type\":\"Organization\",\"@id\":\"https:\/\/runiyurtdisiegitim.com.tr\/#organization\",\"name\":\"Runi Yurtd\u0131\u015f\u0131 E\u011fitim\",\"url\":\"https:\/\/runiyurtdisiegitim.com.tr\/\",\"logo\":{\"@type\":\"ImageObject\",\"inLanguage\":\"tr\",\"@id\":\"https:\/\/runiyurtdisiegitim.com.tr\/#\/schema\/logo\/image\/\",\"url\":\"https:\/\/runiyurtdisiegitim.com.tr\/wp-content\/uploads\/2024\/03\/cropped-runi-yurtdisi-egitim.png\",\"contentUrl\":\"https:\/\/runiyurtdisiegitim.com.tr\/wp-content\/uploads\/2024\/03\/cropped-runi-yurtdisi-egitim.png\",\"width\":871,\"height\":250,\"caption\":\"Runi Yurtd\u0131\u015f\u0131 E\u011fitim \"},\"image\":{\"@id\":\"https:\/\/runiyurtdisiegitim.com.tr\/#\/schema\/logo\/image\/\"}}]}<\/script>\n<!-- \/ Yoast SEO plugin. -->","yoast_head_json":{"title":"KANADA YAZ OKULU - Runi Yurtd\u0131\u015f\u0131 E\u011fitim","robots":{"index":"index","follow":"follow","max-snippet":"max-snippet:-1","max-image-preview":"max-image-preview:large","max-video-preview":"max-video-preview:-1"},"canonical":"https:\/\/runiyurtdisiegitim.com.tr\/index.php\/kanada-yaz-okulu\/","og_locale":"tr_TR","og_type":"article","og_title":"KANADA YAZ OKULU - Runi Yurtd\u0131\u015f\u0131 E\u011fitim","og_description":"KANADA&#8217;DA YAZ OKULU Detayl\u0131 Bilgi \u0130\u00e7in L\u00fctfen Bize Ula\u015f\u0131n. \u00a0 Program Detay Konaklama Detaylar\u0131 Kurs Fiyatlar\u0131 Kabul Ko\u015fullar\u0131","og_url":"https:\/\/runiyurtdisiegitim.com.tr\/index.php\/kanada-yaz-okulu\/","og_site_name":"Runi Yurtd\u0131\u015f\u0131 E\u011fitim","article_modified_time":"2024-05-22T14:27:33+00:00","twitter_card":"summary_large_image","twitter_misc":{"Tahmini okuma s\u00fcresi":"1 dakika"},"schema":{"@context":"https:\/\/schema.org","@graph":[{"@type":"WebPage","@id":"https:\/\/runiyurtdisiegitim.com.tr\/index.php\/kanada-yaz-okulu\/","url":"https:\/\/runiyurtdisiegitim.com.tr\/index.php\/kanada-yaz-okulu\/","name":"KANADA YAZ OKULU - Runi Yurtd\u0131\u015f\u0131 E\u011fitim","isPartOf":{"@id":"https:\/\/runiyurtdisiegitim.com.tr\/#website"},"datePublished":"2024-03-24T12:56:58+00:00","dateModified":"2024-05-22T14:27:33+00:00","breadcrumb":{"@id":"https:\/\/runiyurtdisiegitim.com.tr\/index.php\/kanada-yaz-okulu\/#breadcrumb"},"inLanguage":"tr","potentialAction":[{"@type":"ReadAction","target":["https:\/\/runiyurtdisiegitim.com.tr\/index.php\/kanada-yaz-okulu\/"]}]},{"@type":"BreadcrumbList","@id":"https:\/\/runiyurtdisiegitim.com.tr\/index.php\/kanada-yaz-okulu\/#breadcrumb","itemListElement":[{"@type":"ListItem","position":1,"name":"Anasayfa","item":"https:\/\/runiyurtdisiegitim.com.tr\/"},{"@type":"ListItem","position":2,"name":"KANADA YAZ OKULU"}]},{"@type":"WebSite","@id":"https:\/\/runiyurtdisiegitim.com.tr\/#website","url":"https:\/\/runiyurtdisiegitim.com.tr\/","name":"Runi Yurtd\u0131\u015f\u0131 E\u011fitim","description":"","publisher":{"@id":"https:\/\/runiyurtdisiegitim.com.tr\/#organization"},"potentialAction":[{"@type":"SearchAction","target":{"@type":"EntryPoint","urlTemplate":"https:\/\/runiyurtdisiegitim.com.tr\/?s={search_term_string}"},"query-input":"required name=search_term_string"}],"inLanguage":"tr"},{"@type":"Organization","@id":"https:\/\/runiyurtdisiegitim.com.tr\/#organization","name":"Runi Yurtd\u0131\u015f\u0131 E\u011fitim","url":"https:\/\/runiyurtdisiegitim.com.tr\/","logo":{"@type":"ImageObject","inLanguage":"tr","@id":"https:\/\/runiyurtdisiegitim.com.tr\/#\/schema\/logo\/image\/","url":"https:\/\/runiyurtdisiegitim.com.tr\/wp-content\/uploads\/2024\/03\/cropped-runi-yurtdisi-egitim.png","contentUrl":"https:\/\/runiyurtdisiegitim.com.tr\/wp-content\/uploads\/2024\/03\/cropped-runi-yurtdisi-egitim.png","width":871,"height":250,"caption":"Runi Yurtd\u0131\u015f\u0131 E\u011fitim "},"image":{"@id":"https:\/\/runiyurtdisiegitim.com.tr\/#\/schema\/logo\/image\/"}}]}},"_links":{"self":[{"href":"https:\/\/runiyurtdisiegitim.com.tr\/index.php\/wp-json\/wp\/v2\/pages\/2254","targetHints":{"allow":["GET"]}}],"collection":[{"href":"https:\/\/runiyurtdisiegitim.com.tr\/index.php\/wp-json\/wp\/v2\/pages"}],"about":[{"href":"https:\/\/runiyurtdisiegitim.com.tr\/index.php\/wp-json\/wp\/v2\/types\/page"}],"author":[{"embeddable":true,"href":"https:\/\/runiyurtdisiegitim.com.tr\/index.php\/wp-json\/wp\/v2\/users\/1"}],"replies":[{"embeddable":true,"href":"https:\/\/runiyurtdisiegitim.com.tr\/index.php\/wp-json\/wp\/v2\/comments?post=2254"}],"version-history":[{"count":5,"href":"https:\/\/runiyurtdisiegitim.com.tr\/index.php\/wp-json\/wp\/v2\/pages\/2254\/revisions"}],"predecessor-version":[{"id":6992,"href":"https:\/\/runiyurtdisiegitim.com.tr\/index.php\/wp-json\/wp\/v2\/pages\/2254\/revisions\/6992"}],"wp:attachment":[{"href":"https:\/\/runiyurtdisiegitim.com.tr\/index.php\/wp-json\/wp\/v2\/media?parent=2254"}],"curies":[{"name":"wp","href":"https:\/\/api.w.org\/{rel}","templated":true}]}}