{"id":2686,"date":"2024-03-27T11:24:33","date_gmt":"2024-03-27T11:24:33","guid":{"rendered":"https:\/\/runiyurtdisiegitim.com.tr\/?page_id=2686"},"modified":"2024-04-20T22:16:30","modified_gmt":"2024-04-20T22:16:30","slug":"kanada-ottowa-dil-okulu","status":"publish","type":"page","link":"https:\/\/runiyurtdisiegitim.com.tr\/index.php\/kanada-ottowa-dil-okulu\/","title":{"rendered":"Kanada Ottowa Dil Okulu"},"content":{"rendered":"\t\t<div data-elementor-type=\"wp-page\" data-elementor-id=\"2686\" class=\"elementor elementor-2686\">\n\t\t\t\t<div class=\"elementor-element elementor-element-5f82967 e-flex e-con-boxed e-con e-parent\" data-id=\"5f82967\" data-element_type=\"container\">\n\t\t\t\t\t<div class=\"e-con-inner\">\n\t\t\t\t<div class=\"elementor-element elementor-element-19f4850 elementor-widget elementor-widget-heading\" data-id=\"19f4850\" data-element_type=\"widget\" data-widget_type=\"heading.default\">\n\t\t\t\t<div class=\"elementor-widget-container\">\n\t\t\t<style>\/*! elementor - v3.21.0 - 20-05-2024 *\/\n.elementor-heading-title{padding:0;margin:0;line-height:1}.elementor-widget-heading .elementor-heading-title[class*=elementor-size-]>a{color:inherit;font-size:inherit;line-height:inherit}.elementor-widget-heading .elementor-heading-title.elementor-size-small{font-size:15px}.elementor-widget-heading .elementor-heading-title.elementor-size-medium{font-size:19px}.elementor-widget-heading .elementor-heading-title.elementor-size-large{font-size:29px}.elementor-widget-heading .elementor-heading-title.elementor-size-xl{font-size:39px}.elementor-widget-heading .elementor-heading-title.elementor-size-xxl{font-size:59px}<\/style><h4 class=\"elementor-heading-title elementor-size-default\"><br>Katalog ve Fiyat bilgisi i\u00e7in l\u00fctfen ileti\u015fime ge\u00e7iniz ! <br><br>\n\u0130leti\u015fime ge\u00e7mek i\u00e7in l\u00fctfen t\u0131klay\u0131n\u0131z.<\/br><\/h4>\t\t<\/div>\n\t\t\t\t<\/div>\n\t\t<div class=\"elementor-element elementor-element-572f5b5 e-flex e-con-boxed e-con e-child\" data-id=\"572f5b5\" data-element_type=\"container\">\n\t\t\t\t\t<div class=\"e-con-inner\">\n\t\t<div class=\"elementor-element elementor-element-1d12125 e-flex e-con-boxed e-con e-child\" data-id=\"1d12125\" data-element_type=\"container\">\n\t\t\t\t\t<div class=\"e-con-inner\">\n\t\t<div class=\"elementor-element elementor-element-2a393ec e-con-full e-flex e-con e-child\" data-id=\"2a393ec\" data-element_type=\"container\">\n\t\t\t\t<div class=\"elementor-element elementor-element-c03e51e elementor-align-left elementor-widget elementor-widget-button\" data-id=\"c03e51e\" data-element_type=\"widget\" data-widget_type=\"button.default\">\n\t\t\t\t<div class=\"elementor-widget-container\">\n\t\t\t\t\t<div class=\"elementor-button-wrapper\">\n\t\t\t<a class=\"elementor-button elementor-button-link elementor-size-sm\" href=\"https:\/\/api.whatsapp.com\/send\/?phone=905417917911&#038;text&#038;type=phone_number&#038;app_absent=0\">\n\t\t\t\t\t\t<span class=\"elementor-button-content-wrapper\">\n\t\t\t\t\t\t<span class=\"elementor-button-icon elementor-align-icon-left\">\n\t\t\t\t<svg aria-hidden=\"true\" class=\"e-font-icon-svg e-fab-whatsapp\" viewBox=\"0 0 448 512\" xmlns=\"http:\/\/www.w3.org\/2000\/svg\"><path d=\"M380.9 97.1C339 55.1 283.2 32 223.9 32c-122.4 0-222 99.6-222 222 0 39.1 10.2 77.3 29.6 111L0 480l117.7-30.9c32.4 17.7 68.9 27 106.1 27h.1c122.3 0 224.1-99.6 224.1-222 0-59.3-25.2-115-67.1-157zm-157 341.6c-33.2 0-65.7-8.9-94-25.7l-6.7-4-69.8 18.3L72 359.2l-4.4-7c-18.5-29.4-28.2-63.3-28.2-98.2 0-101.7 82.8-184.5 184.6-184.5 49.3 0 95.6 19.2 130.4 54.1 34.8 34.9 56.2 81.2 56.1 130.5 0 101.8-84.9 184.6-186.6 184.6zm101.2-138.2c-5.5-2.8-32.8-16.2-37.9-18-5.1-1.9-8.8-2.8-12.5 2.8-3.7 5.6-14.3 18-17.6 21.8-3.2 3.7-6.5 4.2-12 1.4-32.6-16.3-54-29.1-75.5-66-5.7-9.8 5.7-9.1 16.3-30.3 1.8-3.7.9-6.9-.5-9.7-1.4-2.8-12.5-30.1-17.1-41.2-4.5-10.8-9.1-9.3-12.5-9.5-3.2-.2-6.9-.2-10.6-.2-3.7 0-9.7 1.4-14.8 6.9-5.1 5.6-19.4 19-19.4 46.3 0 27.3 19.9 53.7 22.6 57.4 2.8 3.7 39.1 59.7 94.8 83.8 35.2 15.2 49 16.5 66.6 13.9 10.7-1.6 32.8-13.4 37.4-26.4 4.6-13 4.6-24.1 3.2-26.4-1.3-2.5-5-3.9-10.5-6.6z\"><\/path><\/svg>\t\t\t<\/span>\n\t\t\t\t\t\t\t\t\t<span class=\"elementor-button-text\">Whatsapp<\/span>\n\t\t\t\t\t<\/span>\n\t\t\t\t\t<\/a>\n\t\t<\/div>\n\t\t\t\t<\/div>\n\t\t\t\t<\/div>\n\t\t\t\t<\/div>\n\t\t<div class=\"elementor-element elementor-element-52d6237 e-con-full e-flex e-con e-child\" data-id=\"52d6237\" data-element_type=\"container\">\n\t\t\t\t<div class=\"elementor-element elementor-element-7a7c1fd elementor-align-left elementor-widget elementor-widget-button\" data-id=\"7a7c1fd\" data-element_type=\"widget\" data-widget_type=\"button.default\">\n\t\t\t\t<div class=\"elementor-widget-container\">\n\t\t\t\t\t<div class=\"elementor-button-wrapper\">\n\t\t\t<a class=\"elementor-button elementor-button-link elementor-size-sm\" href=\"tel:+903021767\">\n\t\t\t\t\t\t<span class=\"elementor-button-content-wrapper\">\n\t\t\t\t\t\t<span class=\"elementor-button-icon elementor-align-icon-left\">\n\t\t\t\t<svg aria-hidden=\"true\" class=\"e-font-icon-svg e-fas-phone-volume\" viewBox=\"0 0 384 512\" xmlns=\"http:\/\/www.w3.org\/2000\/svg\"><path d=\"M97.333 506.966c-129.874-129.874-129.681-340.252 0-469.933 5.698-5.698 14.527-6.632 21.263-2.422l64.817 40.513a17.187 17.187 0 0 1 6.849 20.958l-32.408 81.021a17.188 17.188 0 0 1-17.669 10.719l-55.81-5.58c-21.051 58.261-20.612 122.471 0 179.515l55.811-5.581a17.188 17.188 0 0 1 17.669 10.719l32.408 81.022a17.188 17.188 0 0 1-6.849 20.958l-64.817 40.513a17.19 17.19 0 0 1-21.264-2.422zM247.126 95.473c11.832 20.047 11.832 45.008 0 65.055-3.95 6.693-13.108 7.959-18.718 2.581l-5.975-5.726c-3.911-3.748-4.793-9.622-2.261-14.41a32.063 32.063 0 0 0 0-29.945c-2.533-4.788-1.65-10.662 2.261-14.41l5.975-5.726c5.61-5.378 14.768-4.112 18.718 2.581zm91.787-91.187c60.14 71.604 60.092 175.882 0 247.428-4.474 5.327-12.53 5.746-17.552.933l-5.798-5.557c-4.56-4.371-4.977-11.529-.93-16.379 49.687-59.538 49.646-145.933 0-205.422-4.047-4.85-3.631-12.008.93-16.379l5.798-5.557c5.022-4.813 13.078-4.394 17.552.933zm-45.972 44.941c36.05 46.322 36.108 111.149 0 157.546-4.39 5.641-12.697 6.251-17.856 1.304l-5.818-5.579c-4.4-4.219-4.998-11.095-1.285-15.931 26.536-34.564 26.534-82.572 0-117.134-3.713-4.836-3.115-11.711 1.285-15.931l5.818-5.579c5.159-4.947 13.466-4.337 17.856 1.304z\"><\/path><\/svg>\t\t\t<\/span>\n\t\t\t\t\t\t\t\t\t<span class=\"elementor-button-text\">Destek Hatt\u0131<\/span>\n\t\t\t\t\t<\/span>\n\t\t\t\t\t<\/a>\n\t\t<\/div>\n\t\t\t\t<\/div>\n\t\t\t\t<\/div>\n\t\t\t\t<\/div>\n\t\t<div class=\"elementor-element elementor-element-61140c9 e-con-full e-flex e-con e-child\" data-id=\"61140c9\" data-element_type=\"container\">\n\t\t\t\t<div class=\"elementor-element elementor-element-4da4a4a elementor-align-left elementor-widget elementor-widget-button\" data-id=\"4da4a4a\" data-element_type=\"widget\" data-widget_type=\"button.default\">\n\t\t\t\t<div class=\"elementor-widget-container\">\n\t\t\t\t\t<div class=\"elementor-button-wrapper\">\n\t\t\t<a class=\"elementor-button elementor-button-link elementor-size-sm\" href=\"https:\/\/runiyurtdisiegitim.com.tr\/index.php\/bilgi-talep-formu\/\">\n\t\t\t\t\t\t<span class=\"elementor-button-content-wrapper\">\n\t\t\t\t\t\t<span class=\"elementor-button-icon elementor-align-icon-left\">\n\t\t\t\t<svg aria-hidden=\"true\" class=\"e-font-icon-svg e-fas-pen\" viewBox=\"0 0 512 512\" xmlns=\"http:\/\/www.w3.org\/2000\/svg\"><path d=\"M290.74 93.24l128.02 128.02-277.99 277.99-114.14 12.6C11.35 513.54-1.56 500.62.14 485.34l12.7-114.22 277.9-277.88zm207.2-19.06l-60.11-60.11c-18.75-18.75-49.16-18.75-67.91 0l-56.55 56.55 128.02 128.02 56.55-56.55c18.75-18.76 18.75-49.16 0-67.91z\"><\/path><\/svg>\t\t\t<\/span>\n\t\t\t\t\t\t\t\t\t<span class=\"elementor-button-text\">Bilgi \u0130ste ! <\/span>\n\t\t\t\t\t<\/span>\n\t\t\t\t\t<\/a>\n\t\t<\/div>\n\t\t\t\t<\/div>\n\t\t\t\t<\/div>\n\t\t\t\t<\/div>\n\t\t<div class=\"elementor-element elementor-element-fb1869a e-con-full e-flex e-con e-child\" data-id=\"fb1869a\" data-element_type=\"container\">\n\t\t\t\t<div class=\"elementor-element elementor-element-9957ae5 elementor-align-left elementor-widget elementor-widget-button\" data-id=\"9957ae5\" data-element_type=\"widget\" data-widget_type=\"button.default\">\n\t\t\t\t<div class=\"elementor-widget-container\">\n\t\t\t\t\t<div class=\"elementor-button-wrapper\">\n\t\t\t<a class=\"elementor-button elementor-button-link elementor-size-sm\" href=\"https:\/\/www.instagram.com\/runiyurtdisiegitim\/\">\n\t\t\t\t\t\t<span class=\"elementor-button-content-wrapper\">\n\t\t\t\t\t\t<span class=\"elementor-button-icon elementor-align-icon-left\">\n\t\t\t\t<svg aria-hidden=\"true\" class=\"e-font-icon-svg e-fab-instagram\" viewBox=\"0 0 448 512\" xmlns=\"http:\/\/www.w3.org\/2000\/svg\"><path d=\"M224.1 141c-63.6 0-114.9 51.3-114.9 114.9s51.3 114.9 114.9 114.9S339 319.5 339 255.9 287.7 141 224.1 141zm0 189.6c-41.1 0-74.7-33.5-74.7-74.7s33.5-74.7 74.7-74.7 74.7 33.5 74.7 74.7-33.6 74.7-74.7 74.7zm146.4-194.3c0 14.9-12 26.8-26.8 26.8-14.9 0-26.8-12-26.8-26.8s12-26.8 26.8-26.8 26.8 12 26.8 26.8zm76.1 27.2c-1.7-35.9-9.9-67.7-36.2-93.9-26.2-26.2-58-34.4-93.9-36.2-37-2.1-147.9-2.1-184.9 0-35.8 1.7-67.6 9.9-93.9 36.1s-34.4 58-36.2 93.9c-2.1 37-2.1 147.9 0 184.9 1.7 35.9 9.9 67.7 36.2 93.9s58 34.4 93.9 36.2c37 2.1 147.9 2.1 184.9 0 35.9-1.7 67.7-9.9 93.9-36.2 26.2-26.2 34.4-58 36.2-93.9 2.1-37 2.1-147.8 0-184.8zM398.8 388c-7.8 19.6-22.9 34.7-42.6 42.6-29.5 11.7-99.5 9-132.1 9s-102.7 2.6-132.1-9c-19.6-7.8-34.7-22.9-42.6-42.6-11.7-29.5-9-99.5-9-132.1s-2.6-102.7 9-132.1c7.8-19.6 22.9-34.7 42.6-42.6 29.5-11.7 99.5-9 132.1-9s102.7-2.6 132.1 9c19.6 7.8 34.7 22.9 42.6 42.6 11.7 29.5 9 99.5 9 132.1s2.7 102.7-9 132.1z\"><\/path><\/svg>\t\t\t<\/span>\n\t\t\t\t\t\t\t\t\t<span class=\"elementor-button-text\">\u0130nstagram<\/span>\n\t\t\t\t\t<\/span>\n\t\t\t\t\t<\/a>\n\t\t<\/div>\n\t\t\t\t<\/div>\n\t\t\t\t<\/div>\n\t\t\t\t<\/div>\n\t\t\t\t\t<\/div>\n\t\t\t\t<\/div>\n\t\t\t\t\t<\/div>\n\t\t\t\t<\/div>\n\t\t\t\t\t<\/div>\n\t\t\t\t<\/div>\n\t\t<div class=\"elementor-element elementor-element-17c75be e-grid e-con-boxed e-con e-parent\" data-id=\"17c75be\" data-element_type=\"container\">\n\t\t\t\t\t<div class=\"e-con-inner\">\n\t\t\t\t<div class=\"elementor-element elementor-element-d1dae72 elementor-position-top elementor-widget elementor-widget-image-box\" data-id=\"d1dae72\" data-element_type=\"widget\" data-widget_type=\"image-box.default\">\n\t\t\t\t<div class=\"elementor-widget-container\">\n\t\t\t<style>\/*! elementor - v3.21.0 - 20-05-2024 *\/\n.elementor-widget-image-box .elementor-image-box-content{width:100%}@media (min-width:768px){.elementor-widget-image-box.elementor-position-left .elementor-image-box-wrapper,.elementor-widget-image-box.elementor-position-right .elementor-image-box-wrapper{display:flex}.elementor-widget-image-box.elementor-position-right .elementor-image-box-wrapper{text-align:end;flex-direction:row-reverse}.elementor-widget-image-box.elementor-position-left .elementor-image-box-wrapper{text-align:start;flex-direction:row}.elementor-widget-image-box.elementor-position-top .elementor-image-box-img{margin:auto}.elementor-widget-image-box.elementor-vertical-align-top .elementor-image-box-wrapper{align-items:flex-start}.elementor-widget-image-box.elementor-vertical-align-middle .elementor-image-box-wrapper{align-items:center}.elementor-widget-image-box.elementor-vertical-align-bottom .elementor-image-box-wrapper{align-items:flex-end}}@media (max-width:767px){.elementor-widget-image-box .elementor-image-box-img{margin-left:auto!important;margin-right:auto!important;margin-bottom:15px}}.elementor-widget-image-box .elementor-image-box-img{display:inline-block}.elementor-widget-image-box .elementor-image-box-title a{color:inherit}.elementor-widget-image-box .elementor-image-box-wrapper{text-align:center}.elementor-widget-image-box .elementor-image-box-description{margin:0}<\/style><div class=\"elementor-image-box-wrapper\"><figure class=\"elementor-image-box-img\"><img fetchpriority=\"high\" decoding=\"async\" width=\"265\" height=\"195\" src=\"https:\/\/runiyurtdisiegitim.com.tr\/wp-content\/uploads\/2024\/03\/clc_logo.jpg\" class=\"attachment-full size-full wp-image-2651\" alt=\"\" \/><\/figure><div class=\"elementor-image-box-content\"><h5 class=\"elementor-image-box-title\">CANAD\u0130AN LANGUAGE LEARN\u0130NG COLLEGE OTTOWA<\/h5><p class=\"elementor-image-box-description\">Fiyat Bilgisi \u0130\u00e7in \u0130leti\u015fime Ge\u00e7iniz.<\/p><\/div><\/div>\t\t<\/div>\n\t\t\t\t<\/div>\n\t\t\t\t<div class=\"elementor-element elementor-element-f12f287 elementor-position-top elementor-widget elementor-widget-image-box\" data-id=\"f12f287\" data-element_type=\"widget\" data-widget_type=\"image-box.default\">\n\t\t\t\t<div class=\"elementor-widget-container\">\n\t\t\t<div class=\"elementor-image-box-wrapper\"><figure class=\"elementor-image-box-img\"><img decoding=\"async\" width=\"265\" height=\"195\" src=\"https:\/\/runiyurtdisiegitim.com.tr\/wp-content\/uploads\/2024\/03\/culture_logo.jpg\" class=\"attachment-full size-full wp-image-2688\" alt=\"\" \/><\/figure><div class=\"elementor-image-box-content\"><h5 class=\"elementor-image-box-title\">CULTURE WORKS OTTOWA<\/h5><p class=\"elementor-image-box-description\">Fiyat Bilgisi \u0130\u00e7in \u0130leti\u015fime Ge\u00e7iniz.<\/p><\/div><\/div>\t\t<\/div>\n\t\t\t\t<\/div>\n\t\t\t\t\t<\/div>\n\t\t\t\t<\/div>\n\t\t\t\t<\/div>\n\t\t","protected":false},"excerpt":{"rendered":"<p>CANAD\u0130AN LANGUAGE LEARN\u0130NG COLLEGE OTTOWA Fiyat Bilgisi \u0130\u00e7in \u0130leti\u015fime Ge\u00e7iniz. CULTURE WORKS OTTOWA Fiyat Bilgisi \u0130\u00e7in \u0130leti\u015fime Ge\u00e7iniz.<\/p>\n","protected":false},"author":1,"featured_media":0,"parent":0,"menu_order":0,"comment_status":"closed","ping_status":"closed","template":"tpl-default-elementor.php","meta":{"footnotes":""},"class_list":["post-2686","page","type-page","status-publish","hentry"],"yoast_head":"<!-- This site is optimized with the Yoast SEO plugin v22.7 - https:\/\/yoast.com\/wordpress\/plugins\/seo\/ -->\n<title>Kanada Ottowa Dil Okulu - Runi Yurtd\u0131\u015f\u0131 E\u011fitim<\/title>\n<meta name=\"robots\" content=\"index, follow, max-snippet:-1, max-image-preview:large, max-video-preview:-1\" \/>\n<link rel=\"canonical\" href=\"https:\/\/runiyurtdisiegitim.com.tr\/index.php\/kanada-ottowa-dil-okulu\/\" \/>\n<meta property=\"og:locale\" content=\"tr_TR\" \/>\n<meta property=\"og:type\" content=\"article\" \/>\n<meta property=\"og:title\" content=\"Kanada Ottowa Dil Okulu - Runi Yurtd\u0131\u015f\u0131 E\u011fitim\" \/>\n<meta property=\"og:description\" content=\"CANAD\u0130AN LANGUAGE LEARN\u0130NG COLLEGE OTTOWA Fiyat Bilgisi \u0130\u00e7in \u0130leti\u015fime Ge\u00e7iniz. CULTURE WORKS OTTOWA Fiyat Bilgisi \u0130\u00e7in \u0130leti\u015fime Ge\u00e7iniz.\" \/>\n<meta property=\"og:url\" content=\"https:\/\/runiyurtdisiegitim.com.tr\/index.php\/kanada-ottowa-dil-okulu\/\" \/>\n<meta property=\"og:site_name\" content=\"Runi Yurtd\u0131\u015f\u0131 E\u011fitim\" \/>\n<meta property=\"article:modified_time\" content=\"2024-04-20T22:16:30+00:00\" \/>\n<meta property=\"og:image\" content=\"https:\/\/runiyurtdisiegitim.com.tr\/wp-content\/uploads\/2024\/03\/clc_logo.jpg\" \/>\n<meta name=\"twitter:card\" content=\"summary_large_image\" \/>\n<meta name=\"twitter:label1\" content=\"Tahmini okuma s\u00fcresi\" \/>\n\t<meta name=\"twitter:data1\" content=\"1 dakika\" \/>\n<script type=\"application\/ld+json\" class=\"yoast-schema-graph\">{\"@context\":\"https:\/\/schema.org\",\"@graph\":[{\"@type\":\"WebPage\",\"@id\":\"https:\/\/runiyurtdisiegitim.com.tr\/index.php\/kanada-ottowa-dil-okulu\/\",\"url\":\"https:\/\/runiyurtdisiegitim.com.tr\/index.php\/kanada-ottowa-dil-okulu\/\",\"name\":\"Kanada Ottowa Dil Okulu - Runi Yurtd\u0131\u015f\u0131 E\u011fitim\",\"isPartOf\":{\"@id\":\"https:\/\/runiyurtdisiegitim.com.tr\/#website\"},\"primaryImageOfPage\":{\"@id\":\"https:\/\/runiyurtdisiegitim.com.tr\/index.php\/kanada-ottowa-dil-okulu\/#primaryimage\"},\"image\":{\"@id\":\"https:\/\/runiyurtdisiegitim.com.tr\/index.php\/kanada-ottowa-dil-okulu\/#primaryimage\"},\"thumbnailUrl\":\"https:\/\/runiyurtdisiegitim.com.tr\/wp-content\/uploads\/2024\/03\/clc_logo.jpg\",\"datePublished\":\"2024-03-27T11:24:33+00:00\",\"dateModified\":\"2024-04-20T22:16:30+00:00\",\"breadcrumb\":{\"@id\":\"https:\/\/runiyurtdisiegitim.com.tr\/index.php\/kanada-ottowa-dil-okulu\/#breadcrumb\"},\"inLanguage\":\"tr\",\"potentialAction\":[{\"@type\":\"ReadAction\",\"target\":[\"https:\/\/runiyurtdisiegitim.com.tr\/index.php\/kanada-ottowa-dil-okulu\/\"]}]},{\"@type\":\"ImageObject\",\"inLanguage\":\"tr\",\"@id\":\"https:\/\/runiyurtdisiegitim.com.tr\/index.php\/kanada-ottowa-dil-okulu\/#primaryimage\",\"url\":\"https:\/\/runiyurtdisiegitim.com.tr\/wp-content\/uploads\/2024\/03\/clc_logo.jpg\",\"contentUrl\":\"https:\/\/runiyurtdisiegitim.com.tr\/wp-content\/uploads\/2024\/03\/clc_logo.jpg\",\"width\":265,\"height\":195},{\"@type\":\"BreadcrumbList\",\"@id\":\"https:\/\/runiyurtdisiegitim.com.tr\/index.php\/kanada-ottowa-dil-okulu\/#breadcrumb\",\"itemListElement\":[{\"@type\":\"ListItem\",\"position\":1,\"name\":\"Anasayfa\",\"item\":\"https:\/\/runiyurtdisiegitim.com.tr\/\"},{\"@type\":\"ListItem\",\"position\":2,\"name\":\"Kanada Ottowa Dil Okulu\"}]},{\"@type\":\"WebSite\",\"@id\":\"https:\/\/runiyurtdisiegitim.com.tr\/#website\",\"url\":\"https:\/\/runiyurtdisiegitim.com.tr\/\",\"name\":\"Runi Yurtd\u0131\u015f\u0131 E\u011fitim\",\"description\":\"\",\"publisher\":{\"@id\":\"https:\/\/runiyurtdisiegitim.com.tr\/#organization\"},\"potentialAction\":[{\"@type\":\"SearchAction\",\"target\":{\"@type\":\"EntryPoint\",\"urlTemplate\":\"https:\/\/runiyurtdisiegitim.com.tr\/?s={search_term_string}\"},\"query-input\":\"required name=search_term_string\"}],\"inLanguage\":\"tr\"},{\"@type\":\"Organization\",\"@id\":\"https:\/\/runiyurtdisiegitim.com.tr\/#organization\",\"name\":\"Runi Yurtd\u0131\u015f\u0131 E\u011fitim\",\"url\":\"https:\/\/runiyurtdisiegitim.com.tr\/\",\"logo\":{\"@type\":\"ImageObject\",\"inLanguage\":\"tr\",\"@id\":\"https:\/\/runiyurtdisiegitim.com.tr\/#\/schema\/logo\/image\/\",\"url\":\"https:\/\/runiyurtdisiegitim.com.tr\/wp-content\/uploads\/2024\/03\/cropped-runi-yurtdisi-egitim.png\",\"contentUrl\":\"https:\/\/runiyurtdisiegitim.com.tr\/wp-content\/uploads\/2024\/03\/cropped-runi-yurtdisi-egitim.png\",\"width\":871,\"height\":250,\"caption\":\"Runi Yurtd\u0131\u015f\u0131 E\u011fitim \"},\"image\":{\"@id\":\"https:\/\/runiyurtdisiegitim.com.tr\/#\/schema\/logo\/image\/\"}}]}<\/script>\n<!-- \/ Yoast SEO plugin. -->","yoast_head_json":{"title":"Kanada Ottowa Dil Okulu - Runi Yurtd\u0131\u015f\u0131 E\u011fitim","robots":{"index":"index","follow":"follow","max-snippet":"max-snippet:-1","max-image-preview":"max-image-preview:large","max-video-preview":"max-video-preview:-1"},"canonical":"https:\/\/runiyurtdisiegitim.com.tr\/index.php\/kanada-ottowa-dil-okulu\/","og_locale":"tr_TR","og_type":"article","og_title":"Kanada Ottowa Dil Okulu - Runi Yurtd\u0131\u015f\u0131 E\u011fitim","og_description":"CANAD\u0130AN LANGUAGE LEARN\u0130NG COLLEGE OTTOWA Fiyat Bilgisi \u0130\u00e7in \u0130leti\u015fime Ge\u00e7iniz. CULTURE WORKS OTTOWA Fiyat Bilgisi \u0130\u00e7in \u0130leti\u015fime Ge\u00e7iniz.","og_url":"https:\/\/runiyurtdisiegitim.com.tr\/index.php\/kanada-ottowa-dil-okulu\/","og_site_name":"Runi Yurtd\u0131\u015f\u0131 E\u011fitim","article_modified_time":"2024-04-20T22:16:30+00:00","og_image":[{"url":"https:\/\/runiyurtdisiegitim.com.tr\/wp-content\/uploads\/2024\/03\/clc_logo.jpg"}],"twitter_card":"summary_large_image","twitter_misc":{"Tahmini okuma s\u00fcresi":"1 dakika"},"schema":{"@context":"https:\/\/schema.org","@graph":[{"@type":"WebPage","@id":"https:\/\/runiyurtdisiegitim.com.tr\/index.php\/kanada-ottowa-dil-okulu\/","url":"https:\/\/runiyurtdisiegitim.com.tr\/index.php\/kanada-ottowa-dil-okulu\/","name":"Kanada Ottowa Dil Okulu - Runi Yurtd\u0131\u015f\u0131 E\u011fitim","isPartOf":{"@id":"https:\/\/runiyurtdisiegitim.com.tr\/#website"},"primaryImageOfPage":{"@id":"https:\/\/runiyurtdisiegitim.com.tr\/index.php\/kanada-ottowa-dil-okulu\/#primaryimage"},"image":{"@id":"https:\/\/runiyurtdisiegitim.com.tr\/index.php\/kanada-ottowa-dil-okulu\/#primaryimage"},"thumbnailUrl":"https:\/\/runiyurtdisiegitim.com.tr\/wp-content\/uploads\/2024\/03\/clc_logo.jpg","datePublished":"2024-03-27T11:24:33+00:00","dateModified":"2024-04-20T22:16:30+00:00","breadcrumb":{"@id":"https:\/\/runiyurtdisiegitim.com.tr\/index.php\/kanada-ottowa-dil-okulu\/#breadcrumb"},"inLanguage":"tr","potentialAction":[{"@type":"ReadAction","target":["https:\/\/runiyurtdisiegitim.com.tr\/index.php\/kanada-ottowa-dil-okulu\/"]}]},{"@type":"ImageObject","inLanguage":"tr","@id":"https:\/\/runiyurtdisiegitim.com.tr\/index.php\/kanada-ottowa-dil-okulu\/#primaryimage","url":"https:\/\/runiyurtdisiegitim.com.tr\/wp-content\/uploads\/2024\/03\/clc_logo.jpg","contentUrl":"https:\/\/runiyurtdisiegitim.com.tr\/wp-content\/uploads\/2024\/03\/clc_logo.jpg","width":265,"height":195},{"@type":"BreadcrumbList","@id":"https:\/\/runiyurtdisiegitim.com.tr\/index.php\/kanada-ottowa-dil-okulu\/#breadcrumb","itemListElement":[{"@type":"ListItem","position":1,"name":"Anasayfa","item":"https:\/\/runiyurtdisiegitim.com.tr\/"},{"@type":"ListItem","position":2,"name":"Kanada Ottowa Dil Okulu"}]},{"@type":"WebSite","@id":"https:\/\/runiyurtdisiegitim.com.tr\/#website","url":"https:\/\/runiyurtdisiegitim.com.tr\/","name":"Runi Yurtd\u0131\u015f\u0131 E\u011fitim","description":"","publisher":{"@id":"https:\/\/runiyurtdisiegitim.com.tr\/#organization"},"potentialAction":[{"@type":"SearchAction","target":{"@type":"EntryPoint","urlTemplate":"https:\/\/runiyurtdisiegitim.com.tr\/?s={search_term_string}"},"query-input":"required name=search_term_string"}],"inLanguage":"tr"},{"@type":"Organization","@id":"https:\/\/runiyurtdisiegitim.com.tr\/#organization","name":"Runi Yurtd\u0131\u015f\u0131 E\u011fitim","url":"https:\/\/runiyurtdisiegitim.com.tr\/","logo":{"@type":"ImageObject","inLanguage":"tr","@id":"https:\/\/runiyurtdisiegitim.com.tr\/#\/schema\/logo\/image\/","url":"https:\/\/runiyurtdisiegitim.com.tr\/wp-content\/uploads\/2024\/03\/cropped-runi-yurtdisi-egitim.png","contentUrl":"https:\/\/runiyurtdisiegitim.com.tr\/wp-content\/uploads\/2024\/03\/cropped-runi-yurtdisi-egitim.png","width":871,"height":250,"caption":"Runi Yurtd\u0131\u015f\u0131 E\u011fitim "},"image":{"@id":"https:\/\/runiyurtdisiegitim.com.tr\/#\/schema\/logo\/image\/"}}]}},"_links":{"self":[{"href":"https:\/\/runiyurtdisiegitim.com.tr\/index.php\/wp-json\/wp\/v2\/pages\/2686","targetHints":{"allow":["GET"]}}],"collection":[{"href":"https:\/\/runiyurtdisiegitim.com.tr\/index.php\/wp-json\/wp\/v2\/pages"}],"about":[{"href":"https:\/\/runiyurtdisiegitim.com.tr\/index.php\/wp-json\/wp\/v2\/types\/page"}],"author":[{"embeddable":true,"href":"https:\/\/runiyurtdisiegitim.com.tr\/index.php\/wp-json\/wp\/v2\/users\/1"}],"replies":[{"embeddable":true,"href":"https:\/\/runiyurtdisiegitim.com.tr\/index.php\/wp-json\/wp\/v2\/comments?post=2686"}],"version-history":[{"count":8,"href":"https:\/\/runiyurtdisiegitim.com.tr\/index.php\/wp-json\/wp\/v2\/pages\/2686\/revisions"}],"predecessor-version":[{"id":5131,"href":"https:\/\/runiyurtdisiegitim.com.tr\/index.php\/wp-json\/wp\/v2\/pages\/2686\/revisions\/5131"}],"wp:attachment":[{"href":"https:\/\/runiyurtdisiegitim.com.tr\/index.php\/wp-json\/wp\/v2\/media?parent=2686"}],"curies":[{"name":"wp","href":"https:\/\/api.w.org\/{rel}","templated":true}]}}