{"id":3943,"date":"2024-04-04T10:46:10","date_gmt":"2024-04-04T10:46:10","guid":{"rendered":"https:\/\/runiyurtdisiegitim.com.tr\/?page_id=3943"},"modified":"2024-04-04T10:46:48","modified_gmt":"2024-04-04T10:46:48","slug":"polonya-ulke-rehberi","status":"publish","type":"page","link":"https:\/\/runiyurtdisiegitim.com.tr\/index.php\/polonya-ulke-rehberi\/","title":{"rendered":"POLONYA \u00dcLKE REHBER\u0130"},"content":{"rendered":"\t\t<div data-elementor-type=\"wp-page\" data-elementor-id=\"3943\" class=\"elementor elementor-3943\">\n\t\t\t\t<div class=\"elementor-element elementor-element-5f82967 e-flex e-con-boxed e-con e-parent\" data-id=\"5f82967\" data-element_type=\"container\">\n\t\t\t\t\t<div class=\"e-con-inner\">\n\t\t\t\t<div class=\"elementor-element elementor-element-240a59e elementor-widget elementor-widget-image-box\" data-id=\"240a59e\" data-element_type=\"widget\" data-widget_type=\"image-box.default\">\n\t\t\t\t<div class=\"elementor-widget-container\">\n\t\t\t<style>\/*! elementor - v3.21.0 - 20-05-2024 *\/\n.elementor-widget-image-box .elementor-image-box-content{width:100%}@media (min-width:768px){.elementor-widget-image-box.elementor-position-left .elementor-image-box-wrapper,.elementor-widget-image-box.elementor-position-right .elementor-image-box-wrapper{display:flex}.elementor-widget-image-box.elementor-position-right .elementor-image-box-wrapper{text-align:end;flex-direction:row-reverse}.elementor-widget-image-box.elementor-position-left .elementor-image-box-wrapper{text-align:start;flex-direction:row}.elementor-widget-image-box.elementor-position-top .elementor-image-box-img{margin:auto}.elementor-widget-image-box.elementor-vertical-align-top .elementor-image-box-wrapper{align-items:flex-start}.elementor-widget-image-box.elementor-vertical-align-middle .elementor-image-box-wrapper{align-items:center}.elementor-widget-image-box.elementor-vertical-align-bottom .elementor-image-box-wrapper{align-items:flex-end}}@media (max-width:767px){.elementor-widget-image-box .elementor-image-box-img{margin-left:auto!important;margin-right:auto!important;margin-bottom:15px}}.elementor-widget-image-box .elementor-image-box-img{display:inline-block}.elementor-widget-image-box .elementor-image-box-title a{color:inherit}.elementor-widget-image-box .elementor-image-box-wrapper{text-align:center}.elementor-widget-image-box .elementor-image-box-description{margin:0}<\/style><div class=\"elementor-image-box-wrapper\"><div class=\"elementor-image-box-content\"><p class=\"elementor-image-box-description\"><div class=\"container\" style=\"width: 1170px; color: rgb(102, 102, 102); font-family: &quot;Open Sans&quot;, sans-serif; font-size: 14px; text-align: justify; white-space-collapse: collapse;\"><div class=\"section-content\"><div class=\"row\"><div class=\"col-md-9\" style=\"min-height: 1px; float: left; width: 877.5px;\"><h2 class=\"text-uppercase font-weight-600 mt-0 font-28 line-bottom\" style=\"font-family: &quot;Open Sans&quot;, sans-serif; line-height: 1.42857; color: rgb(51, 51, 51); margin-bottom: 30px; padding-bottom: 10px; font-weight: 600 !important;\">POLONYA \u00dcLKE REHBER\u0130<\/h2><h4 class=\"text-theme-colored text-justify\" style=\"font-family: &quot;Open Sans&quot;, sans-serif; line-height: 1.42857; margin-top: 10px; margin-bottom: 10px; font-size: 18px; color: rgb(32, 44, 69) !important;\"><span class=\"text-highlight light\" style=\"background: rgb(107, 191, 200); border-radius: 4px; color: rgb(255, 255, 255); padding-right: 5px; padding-bottom: 3px; padding-left: 5px;\">Polonya, resm\u00ee ad\u0131yla Polonya Cumhuriyeti<\/span>&nbsp;Orta Avrupa'da bulunan bir \u00fclke. Kom\u015fular\u0131, bat\u0131da Almanya, g\u00fcneybat\u0131da \u00c7ek Cumhuriyeti, g\u00fcneyde Slovakya, kuzeydo\u011fuda Rusya ve Litvanya, do\u011fuda Beyaz Rusya, g\u00fcneydo\u011fuda Ukrayna ve kuzeyde Balt\u0131k Denizi'dir. \u00dclke 312.679 km\u00b2'lik y\u00fcz\u00f6l\u00e7\u00fcm\u00fcyle Avrupa'n\u0131n dokuzuncu, d\u00fcnyan\u0131n altm\u0131\u015f dokuzuncu b\u00fcy\u00fck \u00fclkesidir. Yakla\u015f\u0131k 38,5 milyonluk n\u00fcfusuyla d\u00fcnya s\u0131ralamas\u0131nda en kalabal\u0131k 33. \u00fclkedir.<\/h4><p style=\"margin-bottom: 10px;\">Slav kabilelerin Vist\u00fcl havzas\u0131na M\u00d6 2000'lerde yerle\u015ftikleri san\u0131lmaktad\u0131r. MS 9. ve 10. y\u00fczy\u0131llarda bu b\u00f6lgede Piast hanedan\u0131 egemendi. 966'da Piast H\u00fck\u00fcmdar\u0131 I. Mieszko Hristiyanl\u0131\u011f\u0131 kabul etti ve Polonya devletinin temelini att\u0131.<\/p><div class=\"col-md-14\"><blockquote class=\"gray bg-theme-colored text-justify\" style=\"padding-top: 30px; padding-right: 30px; padding-left: 30px; margin-top: 20px; margin-bottom: 20px; font-size: 17.5px; border-left: 3px solid rgb(32, 44, 69); color: rgb(32, 44, 69); background-color: rgb(238, 238, 238) !important;\"><p style=\"font-family: &quot;Playfair Display&quot;, serif; font-size: 16px; font-style: italic;\">Y\u00f6netim \u015fekli cumhuriyettir. Cumhuriyetin ilan edili\u015f tarihi 11 Kas\u0131m 1918'dir. Cumhurba\u015fkan\u0131 Bronis\u0142aw Komorowski, 4 Temmuz 2010'da g\u00f6reve gelmi\u015ftir. 10 Nisan 2010 da Polonya Cumhurba\u015fkan\u0131 Lech Kaczy\u0144ski ve beraberindeki heyeti ta\u015f\u0131yan Tu-154M tipi u\u00e7ak a\u015f\u0131r\u0131 sisli havada ini\u015f yapmaya \u00e7al\u0131\u015f\u0131rken d\u00fc\u015fm\u00fc\u015f ve kurtulan olmam\u0131\u015ft\u0131r. Polonya Ba\u015fbakan\u0131 Donald Tusk, Devlet Ba\u015fkan\u0131 Lech Kaczynski'yi ta\u015f\u0131yan u\u00e7a\u011f\u0131n Rusya'da d\u00fc\u015fmesinin, \"Polonya'n\u0131n sava\u015f sonras\u0131 tarihinin en trajik olay\u0131 oldu\u011funu\" s\u00f6ylemi\u015ftir.<\/p><\/blockquote><\/div><div class=\"heading-line-bottom\" style=\"border-bottom: 1px dashed rgb(128, 128, 128); display: inline-block; position: relative; margin-top: 20px; margin-bottom: 20px;\"><h4 class=\"heading-title\" style=\"font-family: &quot;Open Sans&quot;, sans-serif; line-height: 1.42857; color: rgb(51, 51, 51); margin-top: 10px; margin-bottom: 10px; font-size: 18px;\">Polonya \u0130klimi<\/h4><\/div><p style=\"margin-bottom: 10px;\">olonya topraklar\u0131nda, s\u0131cak ve nemli Atlantik hava k\u00fctleleri ile yaz mevsiminde kurakl\u0131k ve k\u0131\u015f aylar\u0131nda \u015fiddetli bir so\u011fuklu\u011fu k\u0131\u015fk\u0131rtan Do\u011fu K\u0131talar\u0131 aras\u0131nda s\u00fcrekli bir sava\u015f var. Bu y\u00fczden \u00fclkedeki hava durumunu \u201csabit\u201d olarak adland\u0131rmak zor. Birka\u00e7 saat sonra s\u0131cak ve g\u00fcne\u015fli bir sabah, yo\u011fun g\u00f6k g\u00fcr\u00fclt\u00fcl\u00fc havalarda nemli ve ya\u011f\u0131\u015fl\u0131 bir hava ile de\u011fi\u015ftirilebilir. Genel olarak, \u00fclkede k\u0131\u015f ve yaz olduk\u00e7a parlak bir \u015fekilde sunulmaktad\u0131r ancak mevsimsel d\u00f6nemler i\u00e7in ge\u00e7erli de\u011fildir. Orta k\u0131ta iklimi, Aral\u0131k ay\u0131n\u0131n ba\u015flamas\u0131yla t\u00fcm ihti\u015fam\u0131yla kendini g\u00f6sterir. Hava hemen ayaz hale gelir ve zemin kayda de\u011fer karlarda \u00f6r\u00fcl\u00fcr. \u00dclkedeki ortalama s\u0131cakl\u0131k -3 \u00b0 C ila 1 \u00b0 C aras\u0131ndad\u0131r. Geceleri, s\u0131cakl\u0131k -6 \u00b0 C\u2019ye kadar d\u00fc\u015febilir.<\/p><div class=\"heading-line-bottom\" style=\"border-bottom: 1px dashed rgb(128, 128, 128); display: inline-block; position: relative; margin-top: 20px; margin-bottom: 20px;\"><h4 class=\"heading-title\" style=\"font-family: &quot;Open Sans&quot;, sans-serif; line-height: 1.42857; color: rgb(51, 51, 51); margin-top: 10px; margin-bottom: 10px; font-size: 18px;\">Polonya'da Konu\u015fulan Diller<\/h4><\/div><p style=\"margin-bottom: 10px;\">Polonya'n\u0131n resmi dili olan Leh\u00e7e d\u00fcnya \u00e7ap\u0131nda 50 milyon ki\u015fi taraf\u0131ndan konu\u015fulmaktad\u0131r. \u00dclkede gen\u00e7 n\u00fcfus genel olarak \u0130ngilizce konu\u015fmaktad\u0131r. Ayr\u0131ca Almanya'n\u0131n s\u0131n\u0131r kom\u015fusu olmas\u0131ndan dolay\u0131 Poznan ve civar\u0131nda Almanca da konu\u015fulur. Eski Sovyet bask\u0131lar\u0131 sebebiyle ya\u015fl\u0131 n\u00fcfusun \u00e7o\u011funlu\u011fu Rus\u00e7a konu\u015fabilmektedir.<\/p><div class=\"heading-line-bottom\" style=\"border-bottom: 1px dashed rgb(128, 128, 128); display: inline-block; position: relative; margin-top: 20px; margin-bottom: 20px;\"><h4 class=\"heading-title\" style=\"font-family: &quot;Open Sans&quot;, sans-serif; line-height: 1.42857; color: rgb(51, 51, 51); margin-top: 10px; margin-bottom: 10px; font-size: 18px;\">Polonya'da E\u011fitim<\/h4><\/div><p style=\"margin-bottom: 10px;\">Polonya\u2019da \u00fcniversite e\u011fitimi i\u00e7in Polonya \u00fcniversiteleri sizi lisede alm\u0131\u015f oldu\u011funuz derslere, ba\u015far\u0131 durumunuz ve tercih etti\u011finiz b\u00f6l\u00fcm\u00fcn gerektirdi\u011fi derslerin ortalamalar\u0131na g\u00f6re de\u011ferlendirmektedir. Normal \u015fartlarda Polonya\u2019da lisans e\u011fitimi 3 sene s\u00fcrmektedir, ancak baz\u0131 m\u00fchendislik b\u00f6l\u00fcmlerinde bu s\u00fcre 4 y\u0131l, t\u0131p e\u011fitiminde 6 y\u0131l, eczac\u0131l\u0131k ve di\u015f hekimli\u011fi gibi b\u00f6l\u00fcmlerde ise 5 y\u0131l s\u00fcrmektedir. Polonya \u00fcniversitelerinin y\u0131ll\u0131k \u00fccretleri de \u00e7ok caziptir. \u0130ngilizce b\u00f6l\u00fcmlerin y\u0131ll\u0131\u011f\u0131 3.500-4.000 Euro civar\u0131nda olsa da Leh\u00e7e ald\u0131\u011f\u0131n\u0131z takdirde bu \u00fccret 1.000 Euro gibi rakamlara kadar d\u00fc\u015fmektedir. Bunun d\u0131\u015f\u0131nda, \u00fcniversite programlar\u0131n\u0131n uluslararas\u0131 \u00f6\u011frenciler taraf\u0131ndan fazlas\u0131yla tercih edilmesi sebebiyle, konaklama imk\u00e2nlar\u0131 da bu \u00f6l\u00e7\u00fcde se\u00e7eneklidir.<\/p><div class=\"heading-line-bottom\" style=\"border-bottom: 1px dashed rgb(128, 128, 128); display: inline-block; position: relative; margin-top: 20px; margin-bottom: 20px;\"><h4 class=\"heading-title\" style=\"font-family: &quot;Open Sans&quot;, sans-serif; line-height: 1.42857; color: rgb(51, 51, 51); margin-top: 10px; margin-bottom: 10px; font-size: 18px;\">Polonya K\u00fclt\u00fcr<\/h4><\/div><p style=\"margin-bottom: 10px;\">Adam Mickiewicz, Jan Kochanowski, Witold Gombrowicz, Stanis\u0142aw Lem, Bruno Schulz, Stanis\u0142aw Ignacy Witkiewicz, Jan Polkowski, Adam Zagajewski, Julian Kornhauser, Ewa Lipska ve Rafal Wojaczek gibi tan\u0131nm\u0131\u015f yazarlar\u0131 vard\u0131r. Ayr\u0131ca, Henryk Sienkiewicz, W\u0142adys\u0142aw Reymont, Czes\u0142aw Mi\u0142osz ve Wis\u0142awa Szymborska Nobel \u00f6d\u00fcl\u00fc alan edebiyat\u00e7\u0131lar\u0131d\u0131r. Polonya'n\u0131n en \u00fcnl\u00fc sanat\u00e7\u0131s\u0131, on dokuzuncu y\u00fczy\u0131lda ya\u015fam\u0131\u015f besteci ve piyanist Fredric Chopin'dir.<\/p><p style=\"margin-bottom: 10px;\">Polonya'n\u0131n \u00fcnl\u00fc tak\u0131 tasar\u0131mc\u0131lar\u0131 Jacek Byczewski, Jan Suchodolski, Piotr Ma\u0142ysz, Krzysztof Ginko, Maryla Dubiel, Jan ve Alicja Wyganowski, Marcin Gronkowski, Jakub Zeligowski, Piotr Modli\u0144ski ve di\u011ferleri modern g\u00fcm\u00fc\u015f tak\u0131 tasar\u0131m\u0131nda \u00e7a\u011fda\u015f sanatin d\u00fcnyaca tan\u0131nm\u0131\u015f sanat\u00e7\u0131lar\u0131d\u0131r.<\/p><p style=\"margin-bottom: 10px;\">Polonya'da bulunan Galeria Sztuki w Legnicy Galeria Bielak Galeria Yes Galeria Milano Galeria Srebra Pod Przepi\u00f3rczym Koszem ve di\u011fer galeriler bu modern sanat\u00e7\u0131lar\u0131 takdim edip ve eserlerini sat\u0131\u015fa sunmaktad\u0131r.<\/p><p style=\"margin-bottom: 10px;\">Kaynak: tr.wikipedia.org<\/p><\/div><\/div><\/div><\/div><div class=\"heading-line-bottom\" style=\"border-bottom: 1px dashed rgb(128, 128, 128); display: inline-block; position: relative; margin-top: 20px; margin-bottom: 20px; color: rgb(102, 102, 102); font-family: &quot;Open Sans&quot;, sans-serif; font-size: 14px; text-align: justify; white-space-collapse: collapse;\"><h4 class=\"heading-title\" style=\"font-family: &quot;Open Sans&quot;, sans-serif; line-height: 1.42857; color: rgb(51, 51, 51); margin-top: 10px; margin-bottom: 10px; font-size: 18px;\">Resim Galerisi<\/h4><\/div><\/p><\/div><\/div>\t\t<\/div>\n\t\t\t\t<\/div>\n\t\t\t\t\t<\/div>\n\t\t\t\t<\/div>\n\t\t\t\t<\/div>\n\t\t","protected":false},"excerpt":{"rendered":"<p>POLONYA \u00dcLKE REHBER\u0130 Polonya, resm\u00ee ad\u0131yla Polonya Cumhuriyeti&nbsp;Orta Avrupa&#8217;da bulunan bir \u00fclke. Kom\u015fular\u0131, bat\u0131da Almanya, g\u00fcneybat\u0131da \u00c7ek Cumhuriyeti, g\u00fcneyde Slovakya, kuzeydo\u011fuda Rusya ve Litvanya, do\u011fuda Beyaz Rusya, g\u00fcneydo\u011fuda Ukrayna ve kuzeyde Balt\u0131k Denizi&#8217;dir. \u00dclke 312.679 km\u00b2&#8217;lik y\u00fcz\u00f6l\u00e7\u00fcm\u00fcyle Avrupa&#8217;n\u0131n dokuzuncu, d\u00fcnyan\u0131n altm\u0131\u015f dokuzuncu b\u00fcy\u00fck \u00fclkesidir. Yakla\u015f\u0131k 38,5 milyonluk n\u00fcfusuyla d\u00fcnya s\u0131ralamas\u0131nda en kalabal\u0131k 33. \u00fclkedir. Slav [&hellip;]<\/p>\n","protected":false},"author":1,"featured_media":0,"parent":0,"menu_order":0,"comment_status":"closed","ping_status":"closed","template":"tpl-default-elementor.php","meta":{"footnotes":""},"class_list":["post-3943","page","type-page","status-publish","hentry"],"yoast_head":"<!-- This site is optimized with the Yoast SEO plugin v22.7 - https:\/\/yoast.com\/wordpress\/plugins\/seo\/ -->\n<title>POLONYA \u00dcLKE REHBER\u0130 - Runi Yurtd\u0131\u015f\u0131 E\u011fitim<\/title>\n<meta name=\"robots\" content=\"index, follow, max-snippet:-1, max-image-preview:large, max-video-preview:-1\" \/>\n<link rel=\"canonical\" href=\"https:\/\/runiyurtdisiegitim.com.tr\/index.php\/polonya-ulke-rehberi\/\" \/>\n<meta property=\"og:locale\" content=\"tr_TR\" \/>\n<meta property=\"og:type\" content=\"article\" \/>\n<meta property=\"og:title\" content=\"POLONYA \u00dcLKE REHBER\u0130 - Runi Yurtd\u0131\u015f\u0131 E\u011fitim\" \/>\n<meta property=\"og:description\" content=\"POLONYA \u00dcLKE REHBER\u0130 Polonya, resm\u00ee ad\u0131yla Polonya Cumhuriyeti&nbsp;Orta Avrupa&#8217;da bulunan bir \u00fclke. Kom\u015fular\u0131, bat\u0131da Almanya, g\u00fcneybat\u0131da \u00c7ek Cumhuriyeti, g\u00fcneyde Slovakya, kuzeydo\u011fuda Rusya ve Litvanya, do\u011fuda Beyaz Rusya, g\u00fcneydo\u011fuda Ukrayna ve kuzeyde Balt\u0131k Denizi&#8217;dir. \u00dclke 312.679 km\u00b2&#8217;lik y\u00fcz\u00f6l\u00e7\u00fcm\u00fcyle Avrupa&#8217;n\u0131n dokuzuncu, d\u00fcnyan\u0131n altm\u0131\u015f dokuzuncu b\u00fcy\u00fck \u00fclkesidir. Yakla\u015f\u0131k 38,5 milyonluk n\u00fcfusuyla d\u00fcnya s\u0131ralamas\u0131nda en kalabal\u0131k 33. \u00fclkedir. Slav [&hellip;]\" \/>\n<meta property=\"og:url\" content=\"https:\/\/runiyurtdisiegitim.com.tr\/index.php\/polonya-ulke-rehberi\/\" \/>\n<meta property=\"og:site_name\" content=\"Runi Yurtd\u0131\u015f\u0131 E\u011fitim\" \/>\n<meta property=\"article:modified_time\" content=\"2024-04-04T10:46:48+00:00\" \/>\n<meta name=\"twitter:card\" content=\"summary_large_image\" \/>\n<meta name=\"twitter:label1\" content=\"Tahmini okuma s\u00fcresi\" \/>\n\t<meta name=\"twitter:data1\" content=\"3 dakika\" \/>\n<script type=\"application\/ld+json\" class=\"yoast-schema-graph\">{\"@context\":\"https:\/\/schema.org\",\"@graph\":[{\"@type\":\"WebPage\",\"@id\":\"https:\/\/runiyurtdisiegitim.com.tr\/index.php\/polonya-ulke-rehberi\/\",\"url\":\"https:\/\/runiyurtdisiegitim.com.tr\/index.php\/polonya-ulke-rehberi\/\",\"name\":\"POLONYA \u00dcLKE REHBER\u0130 - Runi Yurtd\u0131\u015f\u0131 E\u011fitim\",\"isPartOf\":{\"@id\":\"https:\/\/runiyurtdisiegitim.com.tr\/#website\"},\"datePublished\":\"2024-04-04T10:46:10+00:00\",\"dateModified\":\"2024-04-04T10:46:48+00:00\",\"breadcrumb\":{\"@id\":\"https:\/\/runiyurtdisiegitim.com.tr\/index.php\/polonya-ulke-rehberi\/#breadcrumb\"},\"inLanguage\":\"tr\",\"potentialAction\":[{\"@type\":\"ReadAction\",\"target\":[\"https:\/\/runiyurtdisiegitim.com.tr\/index.php\/polonya-ulke-rehberi\/\"]}]},{\"@type\":\"BreadcrumbList\",\"@id\":\"https:\/\/runiyurtdisiegitim.com.tr\/index.php\/polonya-ulke-rehberi\/#breadcrumb\",\"itemListElement\":[{\"@type\":\"ListItem\",\"position\":1,\"name\":\"Anasayfa\",\"item\":\"https:\/\/runiyurtdisiegitim.com.tr\/\"},{\"@type\":\"ListItem\",\"position\":2,\"name\":\"POLONYA \u00dcLKE REHBER\u0130\"}]},{\"@type\":\"WebSite\",\"@id\":\"https:\/\/runiyurtdisiegitim.com.tr\/#website\",\"url\":\"https:\/\/runiyurtdisiegitim.com.tr\/\",\"name\":\"Runi Yurtd\u0131\u015f\u0131 E\u011fitim\",\"description\":\"\",\"publisher\":{\"@id\":\"https:\/\/runiyurtdisiegitim.com.tr\/#organization\"},\"potentialAction\":[{\"@type\":\"SearchAction\",\"target\":{\"@type\":\"EntryPoint\",\"urlTemplate\":\"https:\/\/runiyurtdisiegitim.com.tr\/?s={search_term_string}\"},\"query-input\":\"required name=search_term_string\"}],\"inLanguage\":\"tr\"},{\"@type\":\"Organization\",\"@id\":\"https:\/\/runiyurtdisiegitim.com.tr\/#organization\",\"name\":\"Runi Yurtd\u0131\u015f\u0131 E\u011fitim\",\"url\":\"https:\/\/runiyurtdisiegitim.com.tr\/\",\"logo\":{\"@type\":\"ImageObject\",\"inLanguage\":\"tr\",\"@id\":\"https:\/\/runiyurtdisiegitim.com.tr\/#\/schema\/logo\/image\/\",\"url\":\"https:\/\/runiyurtdisiegitim.com.tr\/wp-content\/uploads\/2024\/03\/cropped-runi-yurtdisi-egitim.png\",\"contentUrl\":\"https:\/\/runiyurtdisiegitim.com.tr\/wp-content\/uploads\/2024\/03\/cropped-runi-yurtdisi-egitim.png\",\"width\":871,\"height\":250,\"caption\":\"Runi Yurtd\u0131\u015f\u0131 E\u011fitim \"},\"image\":{\"@id\":\"https:\/\/runiyurtdisiegitim.com.tr\/#\/schema\/logo\/image\/\"}}]}<\/script>\n<!-- \/ Yoast SEO plugin. -->","yoast_head_json":{"title":"POLONYA \u00dcLKE REHBER\u0130 - Runi Yurtd\u0131\u015f\u0131 E\u011fitim","robots":{"index":"index","follow":"follow","max-snippet":"max-snippet:-1","max-image-preview":"max-image-preview:large","max-video-preview":"max-video-preview:-1"},"canonical":"https:\/\/runiyurtdisiegitim.com.tr\/index.php\/polonya-ulke-rehberi\/","og_locale":"tr_TR","og_type":"article","og_title":"POLONYA \u00dcLKE REHBER\u0130 - Runi Yurtd\u0131\u015f\u0131 E\u011fitim","og_description":"POLONYA \u00dcLKE REHBER\u0130 Polonya, resm\u00ee ad\u0131yla Polonya Cumhuriyeti&nbsp;Orta Avrupa&#8217;da bulunan bir \u00fclke. Kom\u015fular\u0131, bat\u0131da Almanya, g\u00fcneybat\u0131da \u00c7ek Cumhuriyeti, g\u00fcneyde Slovakya, kuzeydo\u011fuda Rusya ve Litvanya, do\u011fuda Beyaz Rusya, g\u00fcneydo\u011fuda Ukrayna ve kuzeyde Balt\u0131k Denizi&#8217;dir. \u00dclke 312.679 km\u00b2&#8217;lik y\u00fcz\u00f6l\u00e7\u00fcm\u00fcyle Avrupa&#8217;n\u0131n dokuzuncu, d\u00fcnyan\u0131n altm\u0131\u015f dokuzuncu b\u00fcy\u00fck \u00fclkesidir. Yakla\u015f\u0131k 38,5 milyonluk n\u00fcfusuyla d\u00fcnya s\u0131ralamas\u0131nda en kalabal\u0131k 33. \u00fclkedir. Slav [&hellip;]","og_url":"https:\/\/runiyurtdisiegitim.com.tr\/index.php\/polonya-ulke-rehberi\/","og_site_name":"Runi Yurtd\u0131\u015f\u0131 E\u011fitim","article_modified_time":"2024-04-04T10:46:48+00:00","twitter_card":"summary_large_image","twitter_misc":{"Tahmini okuma s\u00fcresi":"3 dakika"},"schema":{"@context":"https:\/\/schema.org","@graph":[{"@type":"WebPage","@id":"https:\/\/runiyurtdisiegitim.com.tr\/index.php\/polonya-ulke-rehberi\/","url":"https:\/\/runiyurtdisiegitim.com.tr\/index.php\/polonya-ulke-rehberi\/","name":"POLONYA \u00dcLKE REHBER\u0130 - Runi Yurtd\u0131\u015f\u0131 E\u011fitim","isPartOf":{"@id":"https:\/\/runiyurtdisiegitim.com.tr\/#website"},"datePublished":"2024-04-04T10:46:10+00:00","dateModified":"2024-04-04T10:46:48+00:00","breadcrumb":{"@id":"https:\/\/runiyurtdisiegitim.com.tr\/index.php\/polonya-ulke-rehberi\/#breadcrumb"},"inLanguage":"tr","potentialAction":[{"@type":"ReadAction","target":["https:\/\/runiyurtdisiegitim.com.tr\/index.php\/polonya-ulke-rehberi\/"]}]},{"@type":"BreadcrumbList","@id":"https:\/\/runiyurtdisiegitim.com.tr\/index.php\/polonya-ulke-rehberi\/#breadcrumb","itemListElement":[{"@type":"ListItem","position":1,"name":"Anasayfa","item":"https:\/\/runiyurtdisiegitim.com.tr\/"},{"@type":"ListItem","position":2,"name":"POLONYA \u00dcLKE REHBER\u0130"}]},{"@type":"WebSite","@id":"https:\/\/runiyurtdisiegitim.com.tr\/#website","url":"https:\/\/runiyurtdisiegitim.com.tr\/","name":"Runi Yurtd\u0131\u015f\u0131 E\u011fitim","description":"","publisher":{"@id":"https:\/\/runiyurtdisiegitim.com.tr\/#organization"},"potentialAction":[{"@type":"SearchAction","target":{"@type":"EntryPoint","urlTemplate":"https:\/\/runiyurtdisiegitim.com.tr\/?s={search_term_string}"},"query-input":"required name=search_term_string"}],"inLanguage":"tr"},{"@type":"Organization","@id":"https:\/\/runiyurtdisiegitim.com.tr\/#organization","name":"Runi Yurtd\u0131\u015f\u0131 E\u011fitim","url":"https:\/\/runiyurtdisiegitim.com.tr\/","logo":{"@type":"ImageObject","inLanguage":"tr","@id":"https:\/\/runiyurtdisiegitim.com.tr\/#\/schema\/logo\/image\/","url":"https:\/\/runiyurtdisiegitim.com.tr\/wp-content\/uploads\/2024\/03\/cropped-runi-yurtdisi-egitim.png","contentUrl":"https:\/\/runiyurtdisiegitim.com.tr\/wp-content\/uploads\/2024\/03\/cropped-runi-yurtdisi-egitim.png","width":871,"height":250,"caption":"Runi Yurtd\u0131\u015f\u0131 E\u011fitim "},"image":{"@id":"https:\/\/runiyurtdisiegitim.com.tr\/#\/schema\/logo\/image\/"}}]}},"_links":{"self":[{"href":"https:\/\/runiyurtdisiegitim.com.tr\/index.php\/wp-json\/wp\/v2\/pages\/3943","targetHints":{"allow":["GET"]}}],"collection":[{"href":"https:\/\/runiyurtdisiegitim.com.tr\/index.php\/wp-json\/wp\/v2\/pages"}],"about":[{"href":"https:\/\/runiyurtdisiegitim.com.tr\/index.php\/wp-json\/wp\/v2\/types\/page"}],"author":[{"embeddable":true,"href":"https:\/\/runiyurtdisiegitim.com.tr\/index.php\/wp-json\/wp\/v2\/users\/1"}],"replies":[{"embeddable":true,"href":"https:\/\/runiyurtdisiegitim.com.tr\/index.php\/wp-json\/wp\/v2\/comments?post=3943"}],"version-history":[{"count":4,"href":"https:\/\/runiyurtdisiegitim.com.tr\/index.php\/wp-json\/wp\/v2\/pages\/3943\/revisions"}],"predecessor-version":[{"id":3951,"href":"https:\/\/runiyurtdisiegitim.com.tr\/index.php\/wp-json\/wp\/v2\/pages\/3943\/revisions\/3951"}],"wp:attachment":[{"href":"https:\/\/runiyurtdisiegitim.com.tr\/index.php\/wp-json\/wp\/v2\/media?parent=3943"}],"curies":[{"name":"wp","href":"https:\/\/api.w.org\/{rel}","templated":true}]}}