{"id":404,"date":"2022-02-04T04:30:20","date_gmt":"2022-02-04T04:30:20","guid":{"rendered":"http:\/\/fastwpdemo.com\/newwp\/immigo\/?page_id=404"},"modified":"2024-05-22T14:18:55","modified_gmt":"2024-05-22T14:18:55","slug":"dil-okullari","status":"publish","type":"page","link":"https:\/\/runiyurtdisiegitim.com.tr\/index.php\/dil-okullari\/","title":{"rendered":"D\u0130L OKULLARI"},"content":{"rendered":"<p><!-- about-style-six --><\/p>\n<section>\n<figure><img decoding=\"async\" src=\"https:\/\/runiyurtdisiegitim.com.tr\/wp-content\/uploads\/2022\/02\/about-9.jpg\" alt=\"Awesome Image\"><\/figure>\n<h6>Dil Okullar\u0131<\/h6>\n<h2>Get Your Travel Visa For Any Global Destination<\/h2>\n<p>Laborious physical exercise, except to obtain some advantage from it? But any right to find fault with a man who chooses to enjoy a pleasure annoying consequences avoids a pain that produces.<\/p>\n<p>Except to obtain some advantage from it? But any right to find fault with a man who chooses to enjoy a pleasure.<\/p>\n<p>                                                <img decoding=\"async\" src=\"https:\/\/runiyurtdisiegitim.com.tr\/wp-content\/uploads\/2022\/03\/map-1.svg\" alt=\"Awesome Image\">                                                <\/p>\n<h2>08<\/h2>\n<h4>Countries Served<\/h4>\n<p>Mistaken idea denouncing praising pain was born anyone.<\/p>\n<p>                                                <img decoding=\"async\" src=\"https:\/\/runiyurtdisiegitim.com.tr\/wp-content\/uploads\/2022\/03\/office-1.svg\" alt=\"Awesome Image\">                                                <\/p>\n<h2>25<\/h2>\n<h4>Offices Worldwide<\/h4>\n<p>Nor again there anyone loves pursue or desires to obtain pain.<\/p>\n<\/section>\n<p>    <!-- about-style-six end --><\/p>\n<figure><a href=\"https:\/\/runiyurtdisiegitim.com.tr\/index.php\/rusya-dil-okulu\/\" tabindex=\"-1\"><img decoding=\"async\" width=\"270\" height=\"137\" src=\"https:\/\/runiyurtdisiegitim.com.tr\/wp-content\/uploads\/2024\/03\/rusya.jpg\" alt=\"\" \/><\/a><\/figure>\n<h5><a href=\"https:\/\/runiyurtdisiegitim.com.tr\/index.php\/rusya-dil-okulu\/\">Rusya<\/a><\/h5>\n<figure><a href=\"https:\/\/runiyurtdisiegitim.com.tr\/index.php\/polonya-dil-okulu\/\" tabindex=\"-1\"><img decoding=\"async\" width=\"270\" height=\"137\" src=\"https:\/\/runiyurtdisiegitim.com.tr\/wp-content\/uploads\/2024\/03\/polonya.jpg\" alt=\"\" \/><\/a><\/figure>\n<h5><a href=\"https:\/\/runiyurtdisiegitim.com.tr\/index.php\/polonya-dil-okulu\/\">Polonya<\/a><\/h5>\n<figure><a href=\"https:\/\/runiyurtdisiegitim.com.tr\/index.php\/ilgiltere-dil-okulu\/\" tabindex=\"-1\"><img decoding=\"async\" width=\"270\" height=\"137\" src=\"https:\/\/runiyurtdisiegitim.com.tr\/wp-content\/uploads\/2024\/03\/ingiltere.jpg\" alt=\"\" \/><\/a><\/figure>\n<h5><a href=\"https:\/\/runiyurtdisiegitim.com.tr\/index.php\/ilgiltere-dil-okulu\/\">\u0130ngiltere<\/a><\/h5>\n<figure><a href=\"https:\/\/runiyurtdisiegitim.com.tr\/index.php\/kanada-dil-okulu\/\" tabindex=\"-1\"><img loading=\"lazy\" decoding=\"async\" width=\"318\" height=\"159\" src=\"https:\/\/runiyurtdisiegitim.com.tr\/wp-content\/uploads\/2024\/03\/indir.jpg\" alt=\"\" \/><\/a><\/figure>\n<h5><a href=\"https:\/\/runiyurtdisiegitim.com.tr\/index.php\/kanada-dil-okulu\/\">Kanada<\/a><\/h5>\n<figure><a href=\"https:\/\/runiyurtdisiegitim.com.tr\/index.php\/malta-dil-okulu\/\" tabindex=\"-1\"><img loading=\"lazy\" decoding=\"async\" width=\"300\" height=\"168\" src=\"https:\/\/runiyurtdisiegitim.com.tr\/wp-content\/uploads\/2024\/03\/indir-1.jpg\" alt=\"\" \/><\/a><\/figure>\n<h5><a href=\"https:\/\/runiyurtdisiegitim.com.tr\/index.php\/malta-dil-okulu\/\">Malta<\/a><\/h5>\n<figure><a href=\"https:\/\/runiyurtdisiegitim.com.tr\/index.php\/almanya-dil-okulu\/\" tabindex=\"-1\"><img loading=\"lazy\" decoding=\"async\" width=\"270\" height=\"137\" src=\"https:\/\/runiyurtdisiegitim.com.tr\/wp-content\/uploads\/2024\/03\/almanya.jpg\" alt=\"\" \/><\/a><\/figure>\n<h5><a href=\"https:\/\/runiyurtdisiegitim.com.tr\/index.php\/almanya-dil-okulu\/\">Almanya<\/a><\/h5>\n<figure><a href=\"https:\/\/runiyurtdisiegitim.com.tr\/index.php\/irlandadil-okulu\/\" tabindex=\"-1\"><img loading=\"lazy\" decoding=\"async\" width=\"275\" height=\"183\" src=\"https:\/\/runiyurtdisiegitim.com.tr\/wp-content\/uploads\/2024\/03\/indir-2.jpg\" alt=\"\" \/><\/a><\/figure>\n<h5><a href=\"https:\/\/runiyurtdisiegitim.com.tr\/index.php\/irlandadil-okulu\/\">\u0130rlanda<\/a><\/h5>\n<figure><a href=\"https:\/\/runiyurtdisiegitim.com.tr\/index.php\/dubai-dil-okulu\/\" tabindex=\"-1\"><img loading=\"lazy\" decoding=\"async\" width=\"275\" height=\"183\" src=\"https:\/\/runiyurtdisiegitim.com.tr\/wp-content\/uploads\/2024\/03\/indir-3.jpg\" alt=\"\" \/><\/a><\/figure>\n<h5><a href=\"https:\/\/runiyurtdisiegitim.com.tr\/index.php\/dubai-dil-okulu\/\">Dubai<\/a><\/h5>\n","protected":false},"excerpt":{"rendered":"<p>Dil Okullar\u0131 Get Your Travel Visa For Any Global Destination Laborious physical exercise, except to obtain some advantage from it? But any right to find fault with a man who chooses to enjoy a pleasure annoying consequences avoids a pain that produces. Except to obtain some advantage from it? But any right to find fault [&hellip;]<\/p>\n","protected":false},"author":1,"featured_media":0,"parent":0,"menu_order":0,"comment_status":"closed","ping_status":"closed","template":"tpl-default-elementor.php","meta":{"footnotes":""},"class_list":["post-404","page","type-page","status-publish","hentry"],"yoast_head":"<!-- This site is optimized with the Yoast SEO plugin v22.7 - https:\/\/yoast.com\/wordpress\/plugins\/seo\/ -->\n<title>D\u0130L OKULLARI - Runi Yurtd\u0131\u015f\u0131 E\u011fitim<\/title>\n<meta name=\"robots\" content=\"index, follow, max-snippet:-1, max-image-preview:large, max-video-preview:-1\" \/>\n<link rel=\"canonical\" href=\"https:\/\/runiyurtdisiegitim.com.tr\/index.php\/dil-okullari\/\" \/>\n<meta property=\"og:locale\" content=\"tr_TR\" \/>\n<meta property=\"og:type\" content=\"article\" \/>\n<meta property=\"og:title\" content=\"D\u0130L OKULLARI - Runi Yurtd\u0131\u015f\u0131 E\u011fitim\" \/>\n<meta property=\"og:description\" content=\"Dil Okullar\u0131 Get Your Travel Visa For Any Global Destination Laborious physical exercise, except to obtain some advantage from it? But any right to find fault with a man who chooses to enjoy a pleasure annoying consequences avoids a pain that produces. Except to obtain some advantage from it? But any right to find fault [&hellip;]\" \/>\n<meta property=\"og:url\" content=\"https:\/\/runiyurtdisiegitim.com.tr\/index.php\/dil-okullari\/\" \/>\n<meta property=\"og:site_name\" content=\"Runi Yurtd\u0131\u015f\u0131 E\u011fitim\" \/>\n<meta property=\"article:modified_time\" content=\"2024-05-22T14:18:55+00:00\" \/>\n<meta property=\"og:image\" content=\"https:\/\/runiyurtdisiegitim.com.tr\/wp-content\/uploads\/2022\/02\/about-9.jpg\" \/>\n<meta name=\"twitter:card\" content=\"summary_large_image\" \/>\n<meta name=\"twitter:label1\" content=\"Tahmini okuma s\u00fcresi\" \/>\n\t<meta name=\"twitter:data1\" content=\"3 dakika\" \/>\n<script type=\"application\/ld+json\" class=\"yoast-schema-graph\">{\"@context\":\"https:\/\/schema.org\",\"@graph\":[{\"@type\":\"WebPage\",\"@id\":\"https:\/\/runiyurtdisiegitim.com.tr\/index.php\/dil-okullari\/\",\"url\":\"https:\/\/runiyurtdisiegitim.com.tr\/index.php\/dil-okullari\/\",\"name\":\"D\u0130L OKULLARI - Runi Yurtd\u0131\u015f\u0131 E\u011fitim\",\"isPartOf\":{\"@id\":\"https:\/\/runiyurtdisiegitim.com.tr\/#website\"},\"primaryImageOfPage\":{\"@id\":\"https:\/\/runiyurtdisiegitim.com.tr\/index.php\/dil-okullari\/#primaryimage\"},\"image\":{\"@id\":\"https:\/\/runiyurtdisiegitim.com.tr\/index.php\/dil-okullari\/#primaryimage\"},\"thumbnailUrl\":\"https:\/\/runiyurtdisiegitim.com.tr\/wp-content\/uploads\/2022\/02\/about-9.jpg\",\"datePublished\":\"2022-02-04T04:30:20+00:00\",\"dateModified\":\"2024-05-22T14:18:55+00:00\",\"breadcrumb\":{\"@id\":\"https:\/\/runiyurtdisiegitim.com.tr\/index.php\/dil-okullari\/#breadcrumb\"},\"inLanguage\":\"tr\",\"potentialAction\":[{\"@type\":\"ReadAction\",\"target\":[\"https:\/\/runiyurtdisiegitim.com.tr\/index.php\/dil-okullari\/\"]}]},{\"@type\":\"ImageObject\",\"inLanguage\":\"tr\",\"@id\":\"https:\/\/runiyurtdisiegitim.com.tr\/index.php\/dil-okullari\/#primaryimage\",\"url\":\"https:\/\/runiyurtdisiegitim.com.tr\/wp-content\/uploads\/2022\/02\/about-9.jpg\",\"contentUrl\":\"https:\/\/runiyurtdisiegitim.com.tr\/wp-content\/uploads\/2022\/02\/about-9.jpg\",\"width\":560,\"height\":520},{\"@type\":\"BreadcrumbList\",\"@id\":\"https:\/\/runiyurtdisiegitim.com.tr\/index.php\/dil-okullari\/#breadcrumb\",\"itemListElement\":[{\"@type\":\"ListItem\",\"position\":1,\"name\":\"Anasayfa\",\"item\":\"https:\/\/runiyurtdisiegitim.com.tr\/\"},{\"@type\":\"ListItem\",\"position\":2,\"name\":\"D\u0130L OKULLARI\"}]},{\"@type\":\"WebSite\",\"@id\":\"https:\/\/runiyurtdisiegitim.com.tr\/#website\",\"url\":\"https:\/\/runiyurtdisiegitim.com.tr\/\",\"name\":\"Runi Yurtd\u0131\u015f\u0131 E\u011fitim\",\"description\":\"\",\"publisher\":{\"@id\":\"https:\/\/runiyurtdisiegitim.com.tr\/#organization\"},\"potentialAction\":[{\"@type\":\"SearchAction\",\"target\":{\"@type\":\"EntryPoint\",\"urlTemplate\":\"https:\/\/runiyurtdisiegitim.com.tr\/?s={search_term_string}\"},\"query-input\":\"required name=search_term_string\"}],\"inLanguage\":\"tr\"},{\"@type\":\"Organization\",\"@id\":\"https:\/\/runiyurtdisiegitim.com.tr\/#organization\",\"name\":\"Runi Yurtd\u0131\u015f\u0131 E\u011fitim\",\"url\":\"https:\/\/runiyurtdisiegitim.com.tr\/\",\"logo\":{\"@type\":\"ImageObject\",\"inLanguage\":\"tr\",\"@id\":\"https:\/\/runiyurtdisiegitim.com.tr\/#\/schema\/logo\/image\/\",\"url\":\"https:\/\/runiyurtdisiegitim.com.tr\/wp-content\/uploads\/2024\/03\/cropped-runi-yurtdisi-egitim.png\",\"contentUrl\":\"https:\/\/runiyurtdisiegitim.com.tr\/wp-content\/uploads\/2024\/03\/cropped-runi-yurtdisi-egitim.png\",\"width\":871,\"height\":250,\"caption\":\"Runi Yurtd\u0131\u015f\u0131 E\u011fitim \"},\"image\":{\"@id\":\"https:\/\/runiyurtdisiegitim.com.tr\/#\/schema\/logo\/image\/\"}}]}<\/script>\n<!-- \/ Yoast SEO plugin. -->","yoast_head_json":{"title":"D\u0130L OKULLARI - Runi Yurtd\u0131\u015f\u0131 E\u011fitim","robots":{"index":"index","follow":"follow","max-snippet":"max-snippet:-1","max-image-preview":"max-image-preview:large","max-video-preview":"max-video-preview:-1"},"canonical":"https:\/\/runiyurtdisiegitim.com.tr\/index.php\/dil-okullari\/","og_locale":"tr_TR","og_type":"article","og_title":"D\u0130L OKULLARI - Runi Yurtd\u0131\u015f\u0131 E\u011fitim","og_description":"Dil Okullar\u0131 Get Your Travel Visa For Any Global Destination Laborious physical exercise, except to obtain some advantage from it? But any right to find fault with a man who chooses to enjoy a pleasure annoying consequences avoids a pain that produces. Except to obtain some advantage from it? But any right to find fault [&hellip;]","og_url":"https:\/\/runiyurtdisiegitim.com.tr\/index.php\/dil-okullari\/","og_site_name":"Runi Yurtd\u0131\u015f\u0131 E\u011fitim","article_modified_time":"2024-05-22T14:18:55+00:00","og_image":[{"url":"https:\/\/runiyurtdisiegitim.com.tr\/wp-content\/uploads\/2022\/02\/about-9.jpg"}],"twitter_card":"summary_large_image","twitter_misc":{"Tahmini okuma s\u00fcresi":"3 dakika"},"schema":{"@context":"https:\/\/schema.org","@graph":[{"@type":"WebPage","@id":"https:\/\/runiyurtdisiegitim.com.tr\/index.php\/dil-okullari\/","url":"https:\/\/runiyurtdisiegitim.com.tr\/index.php\/dil-okullari\/","name":"D\u0130L OKULLARI - Runi Yurtd\u0131\u015f\u0131 E\u011fitim","isPartOf":{"@id":"https:\/\/runiyurtdisiegitim.com.tr\/#website"},"primaryImageOfPage":{"@id":"https:\/\/runiyurtdisiegitim.com.tr\/index.php\/dil-okullari\/#primaryimage"},"image":{"@id":"https:\/\/runiyurtdisiegitim.com.tr\/index.php\/dil-okullari\/#primaryimage"},"thumbnailUrl":"https:\/\/runiyurtdisiegitim.com.tr\/wp-content\/uploads\/2022\/02\/about-9.jpg","datePublished":"2022-02-04T04:30:20+00:00","dateModified":"2024-05-22T14:18:55+00:00","breadcrumb":{"@id":"https:\/\/runiyurtdisiegitim.com.tr\/index.php\/dil-okullari\/#breadcrumb"},"inLanguage":"tr","potentialAction":[{"@type":"ReadAction","target":["https:\/\/runiyurtdisiegitim.com.tr\/index.php\/dil-okullari\/"]}]},{"@type":"ImageObject","inLanguage":"tr","@id":"https:\/\/runiyurtdisiegitim.com.tr\/index.php\/dil-okullari\/#primaryimage","url":"https:\/\/runiyurtdisiegitim.com.tr\/wp-content\/uploads\/2022\/02\/about-9.jpg","contentUrl":"https:\/\/runiyurtdisiegitim.com.tr\/wp-content\/uploads\/2022\/02\/about-9.jpg","width":560,"height":520},{"@type":"BreadcrumbList","@id":"https:\/\/runiyurtdisiegitim.com.tr\/index.php\/dil-okullari\/#breadcrumb","itemListElement":[{"@type":"ListItem","position":1,"name":"Anasayfa","item":"https:\/\/runiyurtdisiegitim.com.tr\/"},{"@type":"ListItem","position":2,"name":"D\u0130L OKULLARI"}]},{"@type":"WebSite","@id":"https:\/\/runiyurtdisiegitim.com.tr\/#website","url":"https:\/\/runiyurtdisiegitim.com.tr\/","name":"Runi Yurtd\u0131\u015f\u0131 E\u011fitim","description":"","publisher":{"@id":"https:\/\/runiyurtdisiegitim.com.tr\/#organization"},"potentialAction":[{"@type":"SearchAction","target":{"@type":"EntryPoint","urlTemplate":"https:\/\/runiyurtdisiegitim.com.tr\/?s={search_term_string}"},"query-input":"required name=search_term_string"}],"inLanguage":"tr"},{"@type":"Organization","@id":"https:\/\/runiyurtdisiegitim.com.tr\/#organization","name":"Runi Yurtd\u0131\u015f\u0131 E\u011fitim","url":"https:\/\/runiyurtdisiegitim.com.tr\/","logo":{"@type":"ImageObject","inLanguage":"tr","@id":"https:\/\/runiyurtdisiegitim.com.tr\/#\/schema\/logo\/image\/","url":"https:\/\/runiyurtdisiegitim.com.tr\/wp-content\/uploads\/2024\/03\/cropped-runi-yurtdisi-egitim.png","contentUrl":"https:\/\/runiyurtdisiegitim.com.tr\/wp-content\/uploads\/2024\/03\/cropped-runi-yurtdisi-egitim.png","width":871,"height":250,"caption":"Runi Yurtd\u0131\u015f\u0131 E\u011fitim "},"image":{"@id":"https:\/\/runiyurtdisiegitim.com.tr\/#\/schema\/logo\/image\/"}}]}},"_links":{"self":[{"href":"https:\/\/runiyurtdisiegitim.com.tr\/index.php\/wp-json\/wp\/v2\/pages\/404","targetHints":{"allow":["GET"]}}],"collection":[{"href":"https:\/\/runiyurtdisiegitim.com.tr\/index.php\/wp-json\/wp\/v2\/pages"}],"about":[{"href":"https:\/\/runiyurtdisiegitim.com.tr\/index.php\/wp-json\/wp\/v2\/types\/page"}],"author":[{"embeddable":true,"href":"https:\/\/runiyurtdisiegitim.com.tr\/index.php\/wp-json\/wp\/v2\/users\/1"}],"replies":[{"embeddable":true,"href":"https:\/\/runiyurtdisiegitim.com.tr\/index.php\/wp-json\/wp\/v2\/comments?post=404"}],"version-history":[{"count":18,"href":"https:\/\/runiyurtdisiegitim.com.tr\/index.php\/wp-json\/wp\/v2\/pages\/404\/revisions"}],"predecessor-version":[{"id":6950,"href":"https:\/\/runiyurtdisiegitim.com.tr\/index.php\/wp-json\/wp\/v2\/pages\/404\/revisions\/6950"}],"wp:attachment":[{"href":"https:\/\/runiyurtdisiegitim.com.tr\/index.php\/wp-json\/wp\/v2\/media?parent=404"}],"curies":[{"name":"wp","href":"https:\/\/api.w.org\/{rel}","templated":true}]}}